{"id":7356,"date":"2018-12-01T19:05:24","date_gmt":"2018-12-01T17:05:24","guid":{"rendered":"https:\/\/hortsvilaseca.cat\/serveis\/"},"modified":"2024-03-28T02:46:48","modified_gmt":"2024-03-28T00:46:48","slug":"tarifas-y-servicios","status":"publish","type":"page","link":"https:\/\/hortsvilaseca.cat\/es\/tarifas-y-servicios\/","title":{"rendered":"Tarifas y servicios"},"content":{"rendered":"<div id=\"pl-7356\"  class=\"panel-layout\" ><div id=\"pg-7356-0\"  class=\"panel-grid panel-no-style\" ><div id=\"pgc-7356-0-0\"  class=\"panel-grid-cell\" ><div id=\"panel-7356-0-0-0\" class=\"so-panel widget widget_black-studio-tinymce widget_black_studio_tinymce panel-first-child panel-last-child\" data-index=\"0\" ><div class=\"textwidget\"><h2>PARCELAS Y SERVICIOS ADICIONALES<\/h2>\n<\/div><\/div><\/div><\/div><div id=\"pg-7356-1\"  class=\"panel-grid panel-no-style\" ><div id=\"pgc-7356-1-0\"  class=\"panel-grid-cell\" ><div id=\"panel-7356-1-0-0\" class=\"so-panel widget widget_black-studio-tinymce widget_black_studio_tinymce panel-first-child panel-last-child\" data-index=\"1\" ><div class=\"textwidget\"><p>Disponemos de 2 tipos parcelas alquiler: de\u00a0<strong>30 metros cuadrados<\/strong>\u00a0y de<strong>\u00a060 metros cuadrados.<\/strong>\u00a0Se establece una cuota inicial de alta de 50 \u20ac en concepto de puesta a punto del huerto (tierra abonada y sistema de riego individualizado) que se abonar\u00e1 en el momento de reserva de la parcela.<\/p>\n<p>El tiempo m\u00ednimo de duraci\u00f3n del alquiler ser\u00e1 de 6 meses. El pago se har\u00e1 por adelantado mediante transferencia bancaria a la firma del contrato. Un mes antes de la finalizaci\u00f3n del contrato de alquiler podr\u00e1 decidir prorrogarlo 6 meses m\u00e1s.<\/p>\n<p>Tambi\u00e9n disponemos de servicios adicionales que puedes contratar para realizar el mantenimiento de tu huerto.<\/p>\n<\/div><\/div><\/div><\/div><div id=\"pg-7356-2\"  class=\"panel-grid panel-no-style\" ><div id=\"pgc-7356-2-0\"  class=\"panel-grid-cell\" ><div id=\"panel-7356-2-0-0\" class=\"so-panel widget widget_black-studio-tinymce widget_black_studio_tinymce panel-first-child panel-last-child\" data-index=\"2\" ><div class=\"textwidget\"><h2>SERVICIOS INCLUIDOS<\/h2>\n<\/div><\/div><\/div><\/div><div id=\"pg-7356-3\"  class=\"panel-grid panel-no-style\" ><div id=\"pgc-7356-3-0\"  class=\"panel-grid-cell\" ><div id=\"panel-7356-3-0-0\" class=\"so-panel widget widget_black-studio-tinymce widget_black_studio_tinymce panel-first-child panel-last-child\" data-index=\"3\" ><div class=\"textwidget\"><p>Las parcelas incluyen los servicios que se muestran a continuaci\u00f3n:<\/p>\n<\/div><\/div><\/div><\/div><div id=\"pg-7356-4\"  class=\"panel-grid panel-no-style\" ><div id=\"pgc-7356-4-0\"  class=\"panel-grid-cell\" ><div id=\"panel-7356-4-0-0\" class=\"so-panel widget widget_black-studio-tinymce widget_black_studio_tinymce panel-first-child panel-last-child\" data-index=\"4\" ><div class=\"textwidget\"><h5><img loading=\"lazy\" decoding=\"async\" class=\"size-full wp-image-7152 aligncenter\" src=\"https:\/\/hortsvilaseca.cat\/wp-content\/uploads\/2018\/12\/icons8-Watering-Can-104.png\" alt=\"\" width=\"100\" height=\"100\" srcset=\"https:\/\/hortsvilaseca.cat\/wp-content\/uploads\/2018\/12\/icons8-Watering-Can-104.png 104w, https:\/\/hortsvilaseca.cat\/wp-content\/uploads\/2018\/12\/icons8-Watering-Can-104-100x100.png 100w\" sizes=\"(max-width: 100px) 100vw, 100px\" \/><\/h5>\n<h5 style=\"text-align: center;\">RIEGO INDIVIDUALIZADO<\/h5>\n<p style=\"text-align: center;\">Instalaci\u00f3n de punto de riego individual para cada parcela<\/p>\n<\/div><\/div><\/div><div id=\"pgc-7356-4-1\"  class=\"panel-grid-cell\" ><div id=\"panel-7356-4-1-0\" class=\"so-panel widget widget_black-studio-tinymce widget_black_studio_tinymce panel-first-child panel-last-child\" data-index=\"5\" ><div class=\"textwidget\"><h5><img loading=\"lazy\" decoding=\"async\" class=\"size-full wp-image-7136 aligncenter\" src=\"https:\/\/hortsvilaseca.cat\/wp-content\/uploads\/2018\/12\/icons8-Garden-Shears-Filled-100.png\" alt=\"\" width=\"100\" height=\"100\" \/><\/h5>\n<h5 style=\"text-align: center;\"><span class=\"notranslate\">HERRAMIENTAS DISPONIBLES<\/span><\/h5>\n<p style=\"text-align: center;\">Herramientas de uso compartido para trabajar la tierra<\/p>\n<\/div><\/div><\/div><div id=\"pgc-7356-4-2\"  class=\"panel-grid-cell\" ><div id=\"panel-7356-4-2-0\" class=\"so-panel widget widget_black-studio-tinymce widget_black_studio_tinymce panel-first-child panel-last-child\" data-index=\"6\" ><div class=\"textwidget\"><h5><img loading=\"lazy\" decoding=\"async\" class=\"size-full wp-image-7140 aligncenter\" src=\"https:\/\/hortsvilaseca.cat\/wp-content\/uploads\/2018\/12\/icons8-Helping-Hand-100.png\" alt=\"\" width=\"100\" height=\"100\" \/><\/h5>\n<h5 style=\"text-align: center;\">ASISTENCIA Y CONSEJOS<\/h5>\n<p style=\"text-align: center;\">Asistencia y consejos para tus dudas. Trato personalizado<\/p>\n<\/div><\/div><\/div><\/div><div id=\"pg-7356-5\"  class=\"panel-grid panel-no-style\" ><div id=\"pgc-7356-5-0\"  class=\"panel-grid-cell\" ><div id=\"panel-7356-5-0-0\" class=\"so-panel widget widget_black-studio-tinymce widget_black_studio_tinymce panel-first-child panel-last-child\" data-index=\"7\" ><div class=\"textwidget\"><h5><img loading=\"lazy\" decoding=\"async\" class=\"size-full wp-image-7132 aligncenter\" src=\"https:\/\/hortsvilaseca.cat\/wp-content\/uploads\/2018\/12\/icons8-Farmer-Filled-100.png\" alt=\"\" width=\"100\" height=\"100\" \/><\/h5>\n<h5 style=\"text-align: center;\"><span class=\"notranslate\">MANTENIMIENTO<\/span><\/h5>\n<p style=\"text-align: center;\">Mantenimiento de las zonas comunes en condiciones \u00f3ptimas<\/p>\n<\/div><\/div><\/div><div id=\"pgc-7356-5-1\"  class=\"panel-grid-cell\" ><div id=\"panel-7356-5-1-0\" class=\"so-panel widget widget_black-studio-tinymce widget_black_studio_tinymce panel-first-child panel-last-child\" data-index=\"8\" ><div class=\"textwidget\"><h5><img loading=\"lazy\" decoding=\"async\" class=\"size-full wp-image-7144 aligncenter\" src=\"https:\/\/hortsvilaseca.cat\/wp-content\/uploads\/2018\/12\/icons8-Picnic-Table-100.png\" alt=\"\" width=\"100\" height=\"100\" \/><\/h5>\n<h5 style=\"text-align: center;\">ESPACIO DE OCIO<\/h5>\n<p style=\"text-align: center;\">A tu disposici\u00f3n una zona de ocio y descanso com\u00fan<\/p>\n<\/div><\/div><\/div><div id=\"pgc-7356-5-2\"  class=\"panel-grid-cell\" ><div id=\"panel-7356-5-2-0\" class=\"so-panel widget widget_black-studio-tinymce widget_black_studio_tinymce panel-first-child panel-last-child\" data-index=\"9\" ><div class=\"textwidget\"><h5><span class=\"notranslate\"><img loading=\"lazy\" decoding=\"async\" class=\"size-full wp-image-7148 aligncenter\" src=\"https:\/\/hortsvilaseca.cat\/wp-content\/uploads\/2018\/12\/icons8-Security-Lock-100.png\" alt=\"\" width=\"100\" height=\"100\" \/><\/span><\/h5>\n<h5 style=\"text-align: center;\">CUIDADO Y VIGILANCIA<\/h5>\n<p style=\"text-align: center;\">El huerto est\u00e1 cerrado y siempre hay un responsable<\/p>\n<\/div><\/div><\/div><\/div><div id=\"pg-7356-6\"  class=\"panel-grid panel-no-style\" ><div id=\"pgc-7356-6-0\"  class=\"panel-grid-cell\" ><div id=\"panel-7356-6-0-0\" class=\"so-panel widget widget_black-studio-tinymce widget_black_studio_tinymce panel-first-child panel-last-child\" data-index=\"10\" ><div class=\"textwidget\"><h2>NORMATIVA<\/h2>\n<\/div><\/div><\/div><\/div><div id=\"pg-7356-7\"  class=\"panel-grid panel-no-style\" ><div id=\"pgc-7356-7-0\"  class=\"panel-grid-cell\" ><div id=\"panel-7356-7-0-0\" class=\"so-panel widget widget_black-studio-tinymce widget_black_studio_tinymce panel-first-child panel-last-child\" data-index=\"11\" ><div class=\"textwidget\"><h3>NORMAS GENERALES<\/h3>\n<p>1. Horts Vila-seca es una empresa privada que alquila a particulares parcelas privadas de 30 m<sup>2<\/sup> y 60 m<sup>2<\/sup>\u00a0aproximadamente, destinados preferentemente al cultivo de agricultura ecol\u00f3gica.<\/p>\n<p>2. El uso de los huertos ser\u00e1 exclusivamente el cultivo agr\u00edcola de hortalizas, verduras, flores, la producci\u00f3n de plantas ornamentales y hort\u00edcolas, quedando expresamente prohibida cualquier otra actividad, incluidas la venta de productos en los terrenos, almacenamiento de cualquier tipo o construcci\u00f3n de cualquier obra de f\u00e1brica.<\/p>\n<p>3. El tipo de agricultura a practicar ser\u00e1 preferentemente ecol\u00f3gica. S\u00f3lo se podr\u00e1n aplicar productos fitosanitarios que dispongan de la autorizaci\u00f3n de uso en jardiner\u00eda dom\u00e9stica y no est\u00e9n clasificados como uso profesional.<\/p>\n<p>4. El \u00fanico \u00e1spero permitido para las cosechas es la ca\u00f1a natural o la madera tratada. No se permite el uso de otros materiales como tubos de hierro.<\/p>\n<p>5. No se permite a los huertos la crianza de ning\u00fan tipo de animal, ni la plantaci\u00f3n de \u00e1rboles que formen cierra o priven el sol en los huertos vecinos.<\/p>\n<p>6. El huerto ser\u00e1 asignado a un \u00fanico titular que responder\u00e1 por el incumplimiento de sus obligaciones.<\/p>\n<p>7. El acceso a los huertos y zonas comunes se limitar\u00e1 a las personas autorizadas por el arrendatario.<\/p>\n<p>8. Est\u00e1 prohibido:<\/p>\n<ul>\n<li style=\"list-style-type: none;\">\n<ul>\n<li>El uso del huerto como residencia, temporal o permanente.<\/li>\n<li>El uso de fuego en toda la finca.<\/li>\n<li>Hacer barbacoas dentro de la finca, excepto en el espacio destinado al efecto.<\/li>\n<li>Instalar cualquier tipo de valla o elemento de separaci\u00f3n con los huertos vecinos ni la realizaci\u00f3n de ninguna clase de obra que no sea proporcionada o permitida expresamente por la direcci\u00f3n.<\/li>\n<li>Dejar libres perros o cualquier otro animal dentro de la finca, para no molestar a los vecinos. Los perros y animales dom\u00e9sticos deber\u00e1n ir atados y no podr\u00e1n quedar s\u00f3lo en el huerto en ausencia del usuario, recogiendo el mismo los excrementos del animal.<\/li>\n<li>La caza, captura de p\u00e1jaros en vivo, la tala de \u00e1rboles, eliminaci\u00f3n de m\u00e1rgenes o causar cualquier da\u00f1o en la fauna y flora del huerto.<\/li>\n<li>El cultivo de plantas psicotr\u00f3picas.<\/li>\n<li>La instalaci\u00f3n de bidones u otros contenedores para acumular agua, como m\u00e1ximo se podr\u00e1 tener una reserva de un bid\u00f3n de 50 litros, enterrado y con una tapa.<\/li>\n<\/ul>\n<\/li>\n<\/ul>\n<p>9. Los arrendatarios deben comportarse de manera respetuosa con el medio ambiente, con los vecinos y el personal de la finca.<\/p>\n<p>10. Deber\u00e1 hacerse siempre un uso responsable tanto del agua como de los otros recursos naturales implicados en el proceso productivo.<\/p>\n<p>11. La direcci\u00f3n pondr\u00e1 todos los medios para mantener cierto grado de seguridad en la finca pero no se responsabilizar\u00e1 de robos, hurtos o p\u00e9rdida de herramientas o cultivos.<\/p>\n<p>12. Todas las acciones que el arrendatario pretenda hacer en la finca y que no sean contempladas en esta normativa, deber\u00e1n, previa su ejecuci\u00f3n, de comunicarlas a la propiedad que dar\u00e1 permiso expreso para que su realizaci\u00f3n se pueda llevar a cabo.<\/p>\n<p>13. Extinguido el contrato, por cualquier causa, el arrendatario perder\u00e1 el derecho sobre los productos no recogidos o all\u00ed almacenados, quedando todo en beneficio de la propiedad, sin que por ello pueda serle exigida indemnizaci\u00f3n ni contraprestaci\u00f3n, y todo lo al margen de las responsabilidades que se le puedan exigir al arrendatario por los da\u00f1os y perjuicios causados.<\/p>\n<p>&nbsp;<\/p>\n<h3><strong>NORMAS SOBRE LAS INSTALACIONES<\/strong><\/h3>\n<p>1. Los usuarios de los huertos deber\u00e1n mantener los huertos y las instalaciones en perfectas condiciones de funcionamiento.<\/p>\n<p>2. La zona de huertos contar\u00e1 con unos servicios comunes para los usuarios de los huertos, que estar\u00e1 a cargo del personal de la finca est\u00e1n obligados a hacer aquellos un uso correcto de los mismos.<\/p>\n<p>3. El arrendatario queda obligado a reparar o reponer aquellos bienes o equipos que resultaran da\u00f1ados o averiados por su culpa, negligencia o mal uso.<\/p>\n<p>4. Queda totalmente prohibido circular por el interior del huerto con veh\u00edculos a motor, excepto en la utilizaci\u00f3n de herramientas agr\u00edcolas de motor.<\/p>\n<p>5. Queda prohibido alterar los caminos, las zonas de paso entre las parcelas, mover los hitos y vallas delimitadoras. El arrendatario se obliga a ejecutar su trabajo dentro de los l\u00edmites del huerto alquilado, sin extralimitarse su actividad m\u00e1s all\u00e1 de los l\u00edmites acotados del huerto<\/p>\n<p>&nbsp;<\/p>\n<h3>NORMAS SOBRE AGUA, CULTIVOS Y RESIDUOS<\/h3>\n<p>1. Es obligatorio el uso del riego por goteo en todas las parcelas. El arrendatario deber\u00e1 hacer un uso responsable del agua y se compromete a respetar, y controlar\u00e1 el volumen total del agua consumida.<\/p>\n<p>2. El agua es un bien com\u00fan que debe utilizarse responsablemente. El uso del agua para regar los cultivos es gratuito, a pesar de la propiedad de la finca se reserva el derecho a instaurar en el futuro una cuota para riego efectuado en el caso de estimar que no se hace un uso correcto del mismo.<\/p>\n<p>3. Queda totalmente prohibido el cultivo de c\u00e9sped ornamental y de cualquier especie ornamental de altas exigencias h\u00eddricas. Si se desea utilizar cultivos ornamentales deber\u00e1n estar adaptados a la climatolog\u00eda de la zona, y de ser de bajo contenido h\u00eddrico.<\/p>\n<p>4. Para deshacerse de restos vegetales no se emplear\u00e1n las cremas bajo ning\u00fan concepto, ni se lanzar\u00e1n los huertos vac\u00edos, o zonas comunes o en el resto de la finca. En caso de que no se puedan compostar y deber\u00e1n ser retiradas por el propio arrendatario, bajo su costo y responsabilidad.<\/p>\n<p>5. Los desechos generados en el huerto se depositar\u00e1n en los puntos habilitados.<\/p>\n<p>6. La limpieza de los aparatos utilizados para la aplicaci\u00f3n de productos fitosanitarios se realizar\u00e1 dentro de la misma parcela del arrendatario.<\/p>\n<p>7. No se permite la acumulaci\u00f3n o abandono de cualquier material o desecho, ya sea dentro o fuera del huerto, as\u00ed como aportar objetos (pl\u00e1sticos, metales, contenedores, mobiliario, etc.) ajenos a la funci\u00f3n del huerto y susceptible de alterar la est\u00e9tica del huerto, con la \u00fanica excepci\u00f3n de la acumulaci\u00f3n de residuos vegetales para la elaboraci\u00f3n del compost.<\/p>\n<\/div><\/div><\/div><\/div><\/div>","protected":false},"excerpt":{"rendered":"<p>PARCELAS Y SERVICIOS ADICIONALES Disponemos de 2 tipos parcelas alquiler: de\u00a030 metros cuadrados\u00a0y de\u00a060 metros cuadrados.\u00a0Se establece una cuota inicial de alta de 50 \u20ac en concepto de puesta a punto del huerto (tierra abonada y sistema de riego individualizado) que se abonar\u00e1 en el momento de reserva de la parcela. El tiempo m\u00ednimo de [&hellip;]<\/p>\n","protected":false},"author":1,"featured_media":0,"parent":0,"menu_order":0,"comment_status":"closed","ping_status":"closed","template":"","meta":{"footnotes":""},"yoast_head":"<!-- This site is optimized with the Yoast SEO plugin v22.3 - https:\/\/yoast.com\/wordpress\/plugins\/seo\/ -->\n<title>Tarifas y servicios - Horts Vila-seca | Horts de lloguer<\/title>\n<meta name=\"robots\" content=\"index, follow, max-snippet:-1, max-image-preview:large, max-video-preview:-1\" \/>\n<link rel=\"canonical\" href=\"https:\/\/hortsvilaseca.cat\/es\/tarifas-y-servicios\/\" \/>\n<meta property=\"og:locale\" content=\"es_ES\" \/>\n<meta property=\"og:type\" content=\"article\" \/>\n<meta property=\"og:title\" content=\"Tarifas y servicios - Horts Vila-seca | Horts de lloguer\" \/>\n<meta property=\"og:description\" content=\"PARCELAS Y SERVICIOS ADICIONALES Disponemos de 2 tipos parcelas alquiler: de\u00a030 metros cuadrados\u00a0y de\u00a060 metros cuadrados.\u00a0Se establece una cuota inicial de alta de 50 \u20ac en concepto de puesta a punto del huerto (tierra abonada y sistema de riego individualizado) que se abonar\u00e1 en el momento de reserva de la parcela. El tiempo m\u00ednimo de [&hellip;]\" \/>\n<meta property=\"og:url\" content=\"https:\/\/hortsvilaseca.cat\/es\/tarifas-y-servicios\/\" \/>\n<meta property=\"og:site_name\" content=\"Horts Vila-seca | Horts de lloguer\" \/>\n<meta property=\"article:modified_time\" content=\"2024-03-28T00:46:48+00:00\" \/>\n<meta property=\"og:image\" content=\"https:\/\/hortsvilaseca.cat\/wp-content\/uploads\/2018\/12\/icons8-Watering-Can-104.png\" \/>\n<meta name=\"twitter:card\" content=\"summary_large_image\" \/>\n<meta name=\"twitter:label1\" content=\"Tiempo de lectura\" \/>\n\t<meta name=\"twitter:data1\" content=\"6 minutos\" \/>\n<script type=\"application\/ld+json\" class=\"yoast-schema-graph\">{\"@context\":\"https:\/\/schema.org\",\"@graph\":[{\"@type\":\"WebPage\",\"@id\":\"https:\/\/hortsvilaseca.cat\/es\/tarifas-y-servicios\/\",\"url\":\"https:\/\/hortsvilaseca.cat\/es\/tarifas-y-servicios\/\",\"name\":\"Tarifas y servicios - Horts Vila-seca | Horts de lloguer\",\"isPartOf\":{\"@id\":\"https:\/\/hortsvilaseca.cat\/ca\/#website\"},\"primaryImageOfPage\":{\"@id\":\"https:\/\/hortsvilaseca.cat\/es\/tarifas-y-servicios\/#primaryimage\"},\"image\":{\"@id\":\"https:\/\/hortsvilaseca.cat\/es\/tarifas-y-servicios\/#primaryimage\"},\"thumbnailUrl\":\"https:\/\/hortsvilaseca.cat\/wp-content\/uploads\/2018\/12\/icons8-Watering-Can-104.png\",\"datePublished\":\"2018-12-01T17:05:24+00:00\",\"dateModified\":\"2024-03-28T00:46:48+00:00\",\"breadcrumb\":{\"@id\":\"https:\/\/hortsvilaseca.cat\/es\/tarifas-y-servicios\/#breadcrumb\"},\"inLanguage\":\"es\",\"potentialAction\":[{\"@type\":\"ReadAction\",\"target\":[\"https:\/\/hortsvilaseca.cat\/es\/tarifas-y-servicios\/\"]}]},{\"@type\":\"ImageObject\",\"inLanguage\":\"es\",\"@id\":\"https:\/\/hortsvilaseca.cat\/es\/tarifas-y-servicios\/#primaryimage\",\"url\":\"https:\/\/hortsvilaseca.cat\/wp-content\/uploads\/2018\/12\/icons8-Watering-Can-104.png\",\"contentUrl\":\"https:\/\/hortsvilaseca.cat\/wp-content\/uploads\/2018\/12\/icons8-Watering-Can-104.png\"},{\"@type\":\"BreadcrumbList\",\"@id\":\"https:\/\/hortsvilaseca.cat\/es\/tarifas-y-servicios\/#breadcrumb\",\"itemListElement\":[{\"@type\":\"ListItem\",\"position\":1,\"name\":\"Inici\",\"item\":\"https:\/\/hortsvilaseca.cat\/es\/\"},{\"@type\":\"ListItem\",\"position\":2,\"name\":\"Tarifas y servicios\"}]},{\"@type\":\"WebSite\",\"@id\":\"https:\/\/hortsvilaseca.cat\/ca\/#website\",\"url\":\"https:\/\/hortsvilaseca.cat\/ca\/\",\"name\":\"Horts Vila-seca | Horts de lloguer\",\"description\":\"\",\"publisher\":{\"@id\":\"https:\/\/hortsvilaseca.cat\/ca\/#organization\"},\"potentialAction\":[{\"@type\":\"SearchAction\",\"target\":{\"@type\":\"EntryPoint\",\"urlTemplate\":\"https:\/\/hortsvilaseca.cat\/ca\/?s={search_term_string}\"},\"query-input\":\"required name=search_term_string\"}],\"inLanguage\":\"es\"},{\"@type\":\"Organization\",\"@id\":\"https:\/\/hortsvilaseca.cat\/ca\/#organization\",\"name\":\"Horts Vila-seca\",\"url\":\"https:\/\/hortsvilaseca.cat\/ca\/\",\"logo\":{\"@type\":\"ImageObject\",\"inLanguage\":\"es\",\"@id\":\"https:\/\/hortsvilaseca.cat\/ca\/#\/schema\/logo\/image\/\",\"url\":\"https:\/\/hortsvilaseca.cat\/wp-content\/uploads\/2018\/10\/Webp.net-resizeimage.png\",\"contentUrl\":\"https:\/\/hortsvilaseca.cat\/wp-content\/uploads\/2018\/10\/Webp.net-resizeimage.png\",\"width\":418,\"height\":90,\"caption\":\"Horts Vila-seca\"},\"image\":{\"@id\":\"https:\/\/hortsvilaseca.cat\/ca\/#\/schema\/logo\/image\/\"},\"sameAs\":[\"https:\/\/www.instagram.com\/hortsvilaseca\/\"]}]}<\/script>\n<!-- \/ Yoast SEO plugin. -->","yoast_head_json":{"title":"Tarifas y servicios - Horts Vila-seca | Horts de lloguer","robots":{"index":"index","follow":"follow","max-snippet":"max-snippet:-1","max-image-preview":"max-image-preview:large","max-video-preview":"max-video-preview:-1"},"canonical":"https:\/\/hortsvilaseca.cat\/es\/tarifas-y-servicios\/","og_locale":"es_ES","og_type":"article","og_title":"Tarifas y servicios - Horts Vila-seca | Horts de lloguer","og_description":"PARCELAS Y SERVICIOS ADICIONALES Disponemos de 2 tipos parcelas alquiler: de\u00a030 metros cuadrados\u00a0y de\u00a060 metros cuadrados.\u00a0Se establece una cuota inicial de alta de 50 \u20ac en concepto de puesta a punto del huerto (tierra abonada y sistema de riego individualizado) que se abonar\u00e1 en el momento de reserva de la parcela. El tiempo m\u00ednimo de [&hellip;]","og_url":"https:\/\/hortsvilaseca.cat\/es\/tarifas-y-servicios\/","og_site_name":"Horts Vila-seca | Horts de lloguer","article_modified_time":"2024-03-28T00:46:48+00:00","og_image":[{"url":"https:\/\/hortsvilaseca.cat\/wp-content\/uploads\/2018\/12\/icons8-Watering-Can-104.png"}],"twitter_card":"summary_large_image","twitter_misc":{"Tiempo de lectura":"6 minutos"},"schema":{"@context":"https:\/\/schema.org","@graph":[{"@type":"WebPage","@id":"https:\/\/hortsvilaseca.cat\/es\/tarifas-y-servicios\/","url":"https:\/\/hortsvilaseca.cat\/es\/tarifas-y-servicios\/","name":"Tarifas y servicios - Horts Vila-seca | Horts de lloguer","isPartOf":{"@id":"https:\/\/hortsvilaseca.cat\/ca\/#website"},"primaryImageOfPage":{"@id":"https:\/\/hortsvilaseca.cat\/es\/tarifas-y-servicios\/#primaryimage"},"image":{"@id":"https:\/\/hortsvilaseca.cat\/es\/tarifas-y-servicios\/#primaryimage"},"thumbnailUrl":"https:\/\/hortsvilaseca.cat\/wp-content\/uploads\/2018\/12\/icons8-Watering-Can-104.png","datePublished":"2018-12-01T17:05:24+00:00","dateModified":"2024-03-28T00:46:48+00:00","breadcrumb":{"@id":"https:\/\/hortsvilaseca.cat\/es\/tarifas-y-servicios\/#breadcrumb"},"inLanguage":"es","potentialAction":[{"@type":"ReadAction","target":["https:\/\/hortsvilaseca.cat\/es\/tarifas-y-servicios\/"]}]},{"@type":"ImageObject","inLanguage":"es","@id":"https:\/\/hortsvilaseca.cat\/es\/tarifas-y-servicios\/#primaryimage","url":"https:\/\/hortsvilaseca.cat\/wp-content\/uploads\/2018\/12\/icons8-Watering-Can-104.png","contentUrl":"https:\/\/hortsvilaseca.cat\/wp-content\/uploads\/2018\/12\/icons8-Watering-Can-104.png"},{"@type":"BreadcrumbList","@id":"https:\/\/hortsvilaseca.cat\/es\/tarifas-y-servicios\/#breadcrumb","itemListElement":[{"@type":"ListItem","position":1,"name":"Inici","item":"https:\/\/hortsvilaseca.cat\/es\/"},{"@type":"ListItem","position":2,"name":"Tarifas y servicios"}]},{"@type":"WebSite","@id":"https:\/\/hortsvilaseca.cat\/ca\/#website","url":"https:\/\/hortsvilaseca.cat\/ca\/","name":"Horts Vila-seca | Horts de lloguer","description":"","publisher":{"@id":"https:\/\/hortsvilaseca.cat\/ca\/#organization"},"potentialAction":[{"@type":"SearchAction","target":{"@type":"EntryPoint","urlTemplate":"https:\/\/hortsvilaseca.cat\/ca\/?s={search_term_string}"},"query-input":"required name=search_term_string"}],"inLanguage":"es"},{"@type":"Organization","@id":"https:\/\/hortsvilaseca.cat\/ca\/#organization","name":"Horts Vila-seca","url":"https:\/\/hortsvilaseca.cat\/ca\/","logo":{"@type":"ImageObject","inLanguage":"es","@id":"https:\/\/hortsvilaseca.cat\/ca\/#\/schema\/logo\/image\/","url":"https:\/\/hortsvilaseca.cat\/wp-content\/uploads\/2018\/10\/Webp.net-resizeimage.png","contentUrl":"https:\/\/hortsvilaseca.cat\/wp-content\/uploads\/2018\/10\/Webp.net-resizeimage.png","width":418,"height":90,"caption":"Horts Vila-seca"},"image":{"@id":"https:\/\/hortsvilaseca.cat\/ca\/#\/schema\/logo\/image\/"},"sameAs":["https:\/\/www.instagram.com\/hortsvilaseca\/"]}]}},"_links":{"self":[{"href":"https:\/\/hortsvilaseca.cat\/es\/wp-json\/wp\/v2\/pages\/7356\/"}],"collection":[{"href":"https:\/\/hortsvilaseca.cat\/es\/wp-json\/wp\/v2\/pages\/"}],"about":[{"href":"https:\/\/hortsvilaseca.cat\/es\/wp-json\/wp\/v2\/types\/page\/"}],"author":[{"embeddable":true,"href":"https:\/\/hortsvilaseca.cat\/es\/wp-json\/wp\/v2\/users\/1\/"}],"replies":[{"embeddable":true,"href":"https:\/\/hortsvilaseca.cat\/es\/wp-json\/wp\/v2\/comments\/?post=7356"}],"version-history":[{"count":32,"href":"https:\/\/hortsvilaseca.cat\/es\/wp-json\/wp\/v2\/pages\/7356\/revisions\/"}],"predecessor-version":[{"id":10951,"href":"https:\/\/hortsvilaseca.cat\/es\/wp-json\/wp\/v2\/pages\/7356\/revisions\/10951\/"}],"wp:attachment":[{"href":"https:\/\/hortsvilaseca.cat\/es\/wp-json\/wp\/v2\/media\/?parent=7356"}],"curies":[{"name":"wp","href":"https:\/\/api.w.org\/{rel}","templated":true}]}}