{"id":7126,"date":"2018-12-01T19:05:24","date_gmt":"2018-12-01T17:05:24","guid":{"rendered":"https:\/\/hortsvilaseca.cat\/?page_id=7126"},"modified":"2024-03-28T02:43:53","modified_gmt":"2024-03-28T00:43:53","slug":"tarifes-i-serveis","status":"publish","type":"page","link":"https:\/\/hortsvilaseca.cat\/ca\/tarifes-i-serveis\/","title":{"rendered":"Tarifes i serveis"},"content":{"rendered":"<div id=\"pl-7126\"  class=\"panel-layout\" ><div id=\"pg-7126-0\"  class=\"panel-grid panel-no-style\" ><div id=\"pgc-7126-0-0\"  class=\"panel-grid-cell\" ><div id=\"panel-7126-0-0-0\" class=\"so-panel widget widget_black-studio-tinymce widget_black_studio_tinymce panel-first-child panel-last-child\" data-index=\"0\" ><div class=\"textwidget\"><h2>PARCEL\u00b7LES I SERVEIS ADDICIONALS<\/h2>\n<\/div><\/div><\/div><\/div><div id=\"pg-7126-1\"  class=\"panel-grid panel-no-style\" ><div id=\"pgc-7126-1-0\"  class=\"panel-grid-cell\" ><div id=\"panel-7126-1-0-0\" class=\"so-panel widget widget_black-studio-tinymce widget_black_studio_tinymce panel-first-child panel-last-child\" data-index=\"1\" ><div class=\"textwidget\"><p>Disposem de 2 tipus de parcel\u00b7les de lloguer: de\u00a0<strong>30 metres quadrats<\/strong>\u00a0i de\u00a0<strong>60 metres quadrats<\/strong>. S'estableix una quota inicial d'alta de 50\u20ac en concepte de posada a punt de l'hort (terra adobada i sistema de reg individualitzat) que s'abonar\u00e0 al moment de reserva de la parcel\u00b7la.<\/p>\n<p>El temps m\u00ednim de durada del lloguer ser\u00e0 de 6 mesos. El pagament es far\u00e0 per avan\u00e7at mitjan\u00e7ant transfer\u00e8ncia banc\u00e0ria a la firma del contracte. Un mes abans de la finalitzaci\u00f3 del contracte de lloguer podreu decidir prorrogar-lo 6 mesos m\u00e9s.<\/p>\n<p>Tamb\u00e9 disposem de serveis addicionals que pots contractar per fer el manteniment del teu hort.<\/p>\n<\/div><\/div><\/div><\/div><div id=\"pg-7126-2\"  class=\"panel-grid panel-no-style\" ><div id=\"pgc-7126-2-0\"  class=\"panel-grid-cell\" ><div id=\"panel-7126-2-0-0\" class=\"so-panel widget widget_black-studio-tinymce widget_black_studio_tinymce panel-first-child panel-last-child\" data-index=\"2\" ><div class=\"textwidget\"><h2>SERVEIS INCLOSOS<\/h2>\n<\/div><\/div><\/div><\/div><div id=\"pg-7126-3\"  class=\"panel-grid panel-no-style\" ><div id=\"pgc-7126-3-0\"  class=\"panel-grid-cell\" ><div id=\"panel-7126-3-0-0\" class=\"so-panel widget widget_black-studio-tinymce widget_black_studio_tinymce panel-first-child panel-last-child\" data-index=\"3\" ><div class=\"textwidget\"><p>Les parcel\u00b7les inclouen els serveis que es mostren a continuaci\u00f3:<\/p>\n<\/div><\/div><\/div><\/div><div id=\"pg-7126-4\"  class=\"panel-grid panel-no-style\" ><div id=\"pgc-7126-4-0\"  class=\"panel-grid-cell\" ><div id=\"panel-7126-4-0-0\" class=\"so-panel widget widget_black-studio-tinymce widget_black_studio_tinymce panel-first-child panel-last-child\" data-index=\"4\" ><div class=\"textwidget\"><h5><img loading=\"lazy\" decoding=\"async\" class=\"size-full wp-image-7152 aligncenter\" src=\"https:\/\/hortsvilaseca.cat\/wp-content\/uploads\/2018\/12\/icons8-Watering-Can-104.png\" alt=\"\" width=\"100\" height=\"100\" srcset=\"https:\/\/hortsvilaseca.cat\/wp-content\/uploads\/2018\/12\/icons8-Watering-Can-104.png 104w, https:\/\/hortsvilaseca.cat\/wp-content\/uploads\/2018\/12\/icons8-Watering-Can-104-100x100.png 100w\" sizes=\"(max-width: 100px) 100vw, 100px\" \/><\/h5>\n<h5 style=\"text-align: center;\"><span class=\"notranslate\">REG INDIVIDUALITZAT<\/span><\/h5>\n<p style=\"text-align: center;\"><span class=\"notranslate\">Instal\u00b7laci\u00f3 de punt de reg individual per a cada parcel\u00b7la<\/span><\/p>\n<\/div><\/div><\/div><div id=\"pgc-7126-4-1\"  class=\"panel-grid-cell\" ><div id=\"panel-7126-4-1-0\" class=\"so-panel widget widget_black-studio-tinymce widget_black_studio_tinymce panel-first-child panel-last-child\" data-index=\"5\" ><div class=\"textwidget\"><h5><img loading=\"lazy\" decoding=\"async\" class=\"size-full wp-image-7136 aligncenter\" src=\"https:\/\/hortsvilaseca.cat\/wp-content\/uploads\/2018\/12\/icons8-Garden-Shears-Filled-100.png\" alt=\"\" width=\"100\" height=\"100\" \/><\/h5>\n<h5 style=\"text-align: center;\"><span class=\"notranslate\">EINES DISPONIBLES<\/span><\/h5>\n<p style=\"text-align: center;\"><span class=\"notranslate\">Eines d'\u00fas compartit per a treballar la terra<\/span><\/p>\n<\/div><\/div><\/div><div id=\"pgc-7126-4-2\"  class=\"panel-grid-cell\" ><div id=\"panel-7126-4-2-0\" class=\"so-panel widget widget_black-studio-tinymce widget_black_studio_tinymce panel-first-child panel-last-child\" data-index=\"6\" ><div class=\"textwidget\"><h5><img loading=\"lazy\" decoding=\"async\" class=\"size-full wp-image-7140 aligncenter\" src=\"https:\/\/hortsvilaseca.cat\/wp-content\/uploads\/2018\/12\/icons8-Helping-Hand-100.png\" alt=\"\" width=\"100\" height=\"100\" \/><\/h5>\n<h5 style=\"text-align: center;\"><span class=\"notranslate\">ASSIST\u00c8NCIA I CONSELLS<\/span><\/h5>\n<p style=\"text-align: center;\"><span class=\"notranslate\">Assist\u00e8ncia i consells per als teus dubtes.<\/span>\u00a0<span class=\"notranslate\">Tracte personalitzat<\/span><\/p>\n<\/div><\/div><\/div><\/div><div id=\"pg-7126-5\"  class=\"panel-grid panel-no-style\" ><div id=\"pgc-7126-5-0\"  class=\"panel-grid-cell\" ><div id=\"panel-7126-5-0-0\" class=\"so-panel widget widget_black-studio-tinymce widget_black_studio_tinymce panel-first-child panel-last-child\" data-index=\"7\" ><div class=\"textwidget\"><h5><img loading=\"lazy\" decoding=\"async\" class=\"size-full wp-image-7132 aligncenter\" src=\"https:\/\/hortsvilaseca.cat\/wp-content\/uploads\/2018\/12\/icons8-Farmer-Filled-100.png\" alt=\"\" width=\"100\" height=\"100\" \/><\/h5>\n<h5 style=\"text-align: center;\"><span class=\"notranslate\">MANTENIMENT<\/span><\/h5>\n<p style=\"text-align: center;\"><span class=\"notranslate\">Manteniment de les zones comunes en condicions \u00f2ptimes<\/span><\/p>\n<\/div><\/div><\/div><div id=\"pgc-7126-5-1\"  class=\"panel-grid-cell\" ><div id=\"panel-7126-5-1-0\" class=\"so-panel widget widget_black-studio-tinymce widget_black_studio_tinymce panel-first-child panel-last-child\" data-index=\"8\" ><div class=\"textwidget\"><h5><img loading=\"lazy\" decoding=\"async\" class=\"size-full wp-image-7144 aligncenter\" src=\"https:\/\/hortsvilaseca.cat\/wp-content\/uploads\/2018\/12\/icons8-Picnic-Table-100.png\" alt=\"\" width=\"100\" height=\"100\" \/><\/h5>\n<h5 style=\"text-align: center;\"><span class=\"notranslate\">ESPAI D'OCI<\/span><\/h5>\n<p style=\"text-align: center;\"><span class=\"notranslate\">A la teva disposici\u00f3 una zona d'oci i descans comuna<\/span><\/p>\n<\/div><\/div><\/div><div id=\"pgc-7126-5-2\"  class=\"panel-grid-cell\" ><div id=\"panel-7126-5-2-0\" class=\"so-panel widget widget_black-studio-tinymce widget_black_studio_tinymce panel-first-child panel-last-child\" data-index=\"9\" ><div class=\"textwidget\"><h5><span class=\"notranslate\"><img loading=\"lazy\" decoding=\"async\" class=\"size-full wp-image-7148 aligncenter\" src=\"https:\/\/hortsvilaseca.cat\/wp-content\/uploads\/2018\/12\/icons8-Security-Lock-100.png\" alt=\"\" width=\"100\" height=\"100\" \/><\/span><\/h5>\n<h5 style=\"text-align: center;\"><span class=\"notranslate\">CURA I VIGIL\u00c0NCIA<\/span><\/h5>\n<p style=\"text-align: center;\"><span class=\"notranslate\">L'hort est\u00e0 tancat i sempre hi ha un responsable<\/span><\/p>\n<\/div><\/div><\/div><\/div><div id=\"pg-7126-6\"  class=\"panel-grid panel-no-style\" ><div id=\"pgc-7126-6-0\"  class=\"panel-grid-cell\" ><div id=\"panel-7126-6-0-0\" class=\"so-panel widget widget_black-studio-tinymce widget_black_studio_tinymce panel-first-child panel-last-child\" data-index=\"10\" ><div class=\"textwidget\"><h2>NORMATIVA<\/h2>\n<\/div><\/div><\/div><\/div><div id=\"pg-7126-7\"  class=\"panel-grid panel-no-style\" ><div id=\"pgc-7126-7-0\"  class=\"panel-grid-cell\" ><div id=\"panel-7126-7-0-0\" class=\"so-panel widget widget_black-studio-tinymce widget_black_studio_tinymce panel-first-child panel-last-child\" data-index=\"11\" ><div class=\"textwidget\"><h3>NORMES GENERALS<\/h3>\n<p>1. Horts Vila-seca \u00e9s una empresa privada que lloga a particulars parcel\u00b7les privades de 30 m<sup>2<\/sup> i 60 m<sup>2 <\/sup>aproximadament, destinats preferentment al cultiu d\u2019agricultura ecol\u00f2gica.<\/p>\n<p>2. L\u2019\u00fas dels horts ser\u00e0 exclusivament el cultiu agr\u00edcola d\u2019hortalisses, verdures, flors, la producci\u00f3 de plantes ornamentals i hort\u00edcoles, quedant expressament prohibida qualsevol altra activitat, incloses la venda de productes als terrenys, emmagatzematge de qualsevol tipus o construcci\u00f3 de qualsevol obra de f\u00e0brica.<\/p>\n<p>3. El tipus d\u2019agricultura a practicar ser\u00e0 preferentment ecol\u00f2gica. Nom\u00e9s es podran aplicar productes fitosanitaris que disposin de l\u2019autoritzaci\u00f3 d'\u00fas en jardineria dom\u00e8stica i no estiguin classificats com a \u00fas professional.<\/p>\n<p>4. L\u2019\u00fanic aspre perm\u00e8s per a les collites \u00e9s la canya natural o la fusta tractada. No es permet l\u2019\u00fas d\u2019altres materials com tubs de ferro.<\/p>\n<p>5. No est\u00e0 permesa als horts la crian\u00e7a de cap tipus d\u2019animal, ni la plantaci\u00f3 d\u2019arbres que formin tanca o privin el sol als horts ve\u00efns.<\/p>\n<p>6. L\u2019hort ser\u00e0 assignat a un \u00fanic titular que respondr\u00e0 per l'incompliment de les seves obligacions.<\/p>\n<p>7. L'acc\u00e9s als horts i zones comunes es limitar\u00e0 a les persones autoritzades per l\u2019arrendatari.<\/p>\n<p>8. Est\u00e0 prohibit:<\/p>\n<ul>\n<li style=\"list-style-type: none;\">\n<ul>\n<li>L\u2019\u00fas de l\u2019hort com a residencia, temporal o permanent.<\/li>\n<li>L'\u00fas de foc en tota la finca.<\/li>\n<li>Fer barbacoes dintre de la finca, excepte en l\u2019espai destinat a l\u2019efecte.<\/li>\n<li>Instal\u00b7lar qualsevol tipus de tancat o element de separaci\u00f3 amb els horts ve\u00efns ni la realitzaci\u00f3 de cap classe d\u2019obra que no sigui proporcionada o permesa expressament per la direcci\u00f3.<\/li>\n<li>Deixar lliures gossos o qualsevol altre animal dintre de la finca, per no molestar als ve\u00efns. Els gossos i animals dom\u00e8stics hauran d\u2019anar lligats i no podran restar sols a l\u2019hort en abs\u00e8ncia de l\u2019usuari, recollint-ne el mateix els excrements de l\u2019animal.<\/li>\n<li>La ca\u00e7a, captura d\u2019ocells en viu, la tala d\u2019arbres, eliminaci\u00f3 de marges o causar qualsevol dany en la fauna i flora de l\u2019hort.<\/li>\n<li>El conreu de plantes psicotr\u00f2piques.<\/li>\n<li>La instal\u00b7laci\u00f3 de bidons o altres contenidors per a acumular aigua, com a m\u00e0xim es podr\u00e0 tenir una reserva d\u2019un bid\u00f3 de 50 litres, enterrat i amb una tapa.<\/li>\n<\/ul>\n<\/li>\n<\/ul>\n<p>9. Els arrendataris han de comportar-se de manera respectuosa amb el medi ambient, amb els ve\u00efns i el personal de la finca.<\/p>\n<p>10. Haur\u00e0 de fer-se sempre un \u00fas responsable tant de l\u2019aigua com dels altres recursos naturals implicats al proc\u00e8s productiu.<\/p>\n<p>11. La direcci\u00f3 posar\u00e0 tots els mitjans per mantenir cert grau de seguretat a la finca per\u00f2 no es responsabilitzar\u00e0 de robatoris, furts o p\u00e8rdua d\u2019eines o cultius.<\/p>\n<p>12. Totes les accions que l\u2019arrendatari pretengui fer a la finca i que no siguin contemplades a aquesta normativa, hauran, pr\u00e8via la seva execuci\u00f3, de comunicar-les a la propietat qui donar\u00e0 perm\u00eds expr\u00e9s per a que la seva realitzaci\u00f3 es pugui dur a terme.<\/p>\n<p>13. Extingit el contracte, per qualsevol causa, l\u2019arrendatari perdr\u00e0 el dret sobre els productes no recollits o all\u00ed emmagatzemats, quedant tot en benefici de la propietat, sense que per aquest motiu pugui ser-li exigida indemnitzaci\u00f3 ni contraprestaci\u00f3, i tot all\u00f2 al marge de les responsabilitats que se li puguin exigir a l\u2019arrendatari pels danys i perjudicis causats.<\/p>\n<p>&nbsp;<\/p>\n<h3>NORMES SOBRE LES INSTAL\u00b7LACIONS<\/h3>\n<p>1. Els usuaris dels horts hauran de mantenir els horts i les instal\u00b7lacions en perfectes condicions de funcionament.<\/p>\n<p>2. La zona d\u2019horts comptar\u00e0 amb uns serveis comuns pels usuaris dels horts, que estar\u00e0 a c\u00e0rrec del personal de la finca estan obligats a fer aquells un \u00fas correcte dels mateixos.<\/p>\n<p>3. L\u2019arrendatari queda obligat a reparar o reposar aquells b\u00e9ns o equips que resultessin danyats o avariats per la seva culpa, neglig\u00e8ncia o mal \u00fas.<\/p>\n<p>4. Queda totalment prohibit circular per l\u2019interior de l\u2019hort amb vehicles a motor, excepte en la utilitzaci\u00f3 d\u2019eines agr\u00edcoles de motor.<\/p>\n<p>5. Queda prohibit alterar els camins, les zones de pas entre les parcel\u00b7les, moure les fites i tanques delimitadores. L\u2019arrendatari s\u2019obliga a executar la seva feina dintre dels l\u00edmits de l\u2019hort llogat, sense extralimitar la seva activitat m\u00e9s enll\u00e0 dels l\u00edmits afitats de l\u2019hort.<\/p>\n<p>&nbsp;<\/p>\n<h3>NORMES SOBRE AIGUA, CULTIUS I RESIDUS<\/h3>\n<p>1. \u00c9s obligatori l\u2019\u00fas del reg per goteig a totes les parcel\u00b7les. L\u2019arrendatari haur\u00e0 de fer un \u00fas responsable de l\u2019aigua i es compromet a respectar, i controlar\u00e0 el volum total de l\u2019aigua consumida.<\/p>\n<p>2. L\u2019aigua \u00e9s un b\u00e9 com\u00fa que ha d\u2019utilitzar-se responsablement. L\u2019\u00fas de l\u2019aigua per a regar els cultius \u00e9s gratu\u00eft, malgrat la propietat de la finca es reserva el dret a instaurar en el futur una quota per reg efectuat en el cas d\u2019estimar que no es fa un \u00fas correcte del mateix.<\/p>\n<p>3. Queda totalment prohibit el cultiu de gespa ornamental i de qualsevol esp\u00e8cia ornamental d\u2019altes exig\u00e8ncies h\u00eddriques. Si es desitja utilitzar cultius ornamentals hauran d\u2019estar adaptats a la climatologia de la zona, i de ser de baix contingut h\u00eddric.<\/p>\n<p>4. Per a desfer-se de restes vegetals no s\u2019empraran les cremes sota cap concepte, ni es llen\u00e7aran als horts buits, o zones comuns o a la resta de la finca. Cas que no es puguin compostar i hauran de ser retirades pel propi arrendatari, sota el seu cost i responsabilitat.<\/p>\n<p>5. Les deixalles generades a l\u2019hort es dipositaran als punts habilitats.<\/p>\n<p>6. La neteja dels aparells utilitzats per a l'aplicaci\u00f3 de productes fitosanitaris es realitzar\u00e0 dins la mateixa parcel\u00b7la de l'arrendatari.<\/p>\n<p>7. No es permet l\u2019acumulaci\u00f3 o abandonament de qualsevol material o deixalla, ja sigui dins o fora de l\u2019hort, aix\u00ed com aportar objectes (pl\u00e0stics, metalls, contenidors, mobiliari, etc.) aliens a la funci\u00f3 de l\u2019hort i susceptible d\u2019alterar l\u2019est\u00e8tica de l\u2019hort, amb l\u2019\u00fanica excepci\u00f3 de l\u2019acumulaci\u00f3 de residus vegetals per a l\u2019elaboraci\u00f3 del compost.<\/p>\n<\/div><\/div><\/div><\/div><\/div>","protected":false},"excerpt":{"rendered":"<p>PARCEL\u00b7LES I SERVEIS ADDICIONALS Disposem de 2 tipus de parcel\u00b7les de lloguer: de\u00a030 metres quadrats\u00a0i de\u00a060 metres quadrats. S&#8217;estableix una quota inicial d&#8217;alta de 50\u20ac en concepte de posada a punt de l&#8217;hort (terra adobada i sistema de reg individualitzat) que s&#8217;abonar\u00e0 al moment de reserva de la parcel\u00b7la. El temps m\u00ednim de durada del [&hellip;]<\/p>\n","protected":false},"author":1,"featured_media":0,"parent":0,"menu_order":0,"comment_status":"closed","ping_status":"closed","template":"","meta":{"footnotes":""},"yoast_head":"<!-- This site is optimized with the Yoast SEO plugin v22.3 - https:\/\/yoast.com\/wordpress\/plugins\/seo\/ -->\n<title>Tarifes i serveis - Horts Vila-seca | Horts de lloguer<\/title>\n<meta name=\"robots\" content=\"index, follow, max-snippet:-1, max-image-preview:large, max-video-preview:-1\" \/>\n<link rel=\"canonical\" href=\"https:\/\/hortsvilaseca.cat\/ca\/tarifes-i-serveis\/\" \/>\n<meta property=\"og:locale\" content=\"ca_ES\" \/>\n<meta property=\"og:type\" content=\"article\" \/>\n<meta property=\"og:title\" content=\"Tarifes i serveis - Horts Vila-seca | Horts de lloguer\" \/>\n<meta property=\"og:description\" content=\"PARCEL\u00b7LES I SERVEIS ADDICIONALS Disposem de 2 tipus de parcel\u00b7les de lloguer: de\u00a030 metres quadrats\u00a0i de\u00a060 metres quadrats. S&#039;estableix una quota inicial d&#039;alta de 50\u20ac en concepte de posada a punt de l&#039;hort (terra adobada i sistema de reg individualitzat) que s&#039;abonar\u00e0 al moment de reserva de la parcel\u00b7la. El temps m\u00ednim de durada del [&hellip;]\" \/>\n<meta property=\"og:url\" content=\"https:\/\/hortsvilaseca.cat\/ca\/tarifes-i-serveis\/\" \/>\n<meta property=\"og:site_name\" content=\"Horts Vila-seca | Horts de lloguer\" \/>\n<meta property=\"article:modified_time\" content=\"2024-03-28T00:43:53+00:00\" \/>\n<meta property=\"og:image\" content=\"https:\/\/hortsvilaseca.cat\/wp-content\/uploads\/2018\/12\/icons8-Watering-Can-104.png\" \/>\n<meta name=\"twitter:card\" content=\"summary_large_image\" \/>\n<meta name=\"twitter:label1\" content=\"Temps estimat de lectura\" \/>\n\t<meta name=\"twitter:data1\" content=\"6 minuts\" \/>\n<script type=\"application\/ld+json\" class=\"yoast-schema-graph\">{\"@context\":\"https:\/\/schema.org\",\"@graph\":[{\"@type\":\"WebPage\",\"@id\":\"https:\/\/hortsvilaseca.cat\/ca\/tarifes-i-serveis\/\",\"url\":\"https:\/\/hortsvilaseca.cat\/ca\/tarifes-i-serveis\/\",\"name\":\"Tarifes i serveis - Horts Vila-seca | Horts de lloguer\",\"isPartOf\":{\"@id\":\"https:\/\/hortsvilaseca.cat\/ca\/#website\"},\"primaryImageOfPage\":{\"@id\":\"https:\/\/hortsvilaseca.cat\/ca\/tarifes-i-serveis\/#primaryimage\"},\"image\":{\"@id\":\"https:\/\/hortsvilaseca.cat\/ca\/tarifes-i-serveis\/#primaryimage\"},\"thumbnailUrl\":\"https:\/\/hortsvilaseca.cat\/wp-content\/uploads\/2018\/12\/icons8-Watering-Can-104.png\",\"datePublished\":\"2018-12-01T17:05:24+00:00\",\"dateModified\":\"2024-03-28T00:43:53+00:00\",\"breadcrumb\":{\"@id\":\"https:\/\/hortsvilaseca.cat\/ca\/tarifes-i-serveis\/#breadcrumb\"},\"inLanguage\":\"ca\",\"potentialAction\":[{\"@type\":\"ReadAction\",\"target\":[\"https:\/\/hortsvilaseca.cat\/ca\/tarifes-i-serveis\/\"]}]},{\"@type\":\"ImageObject\",\"inLanguage\":\"ca\",\"@id\":\"https:\/\/hortsvilaseca.cat\/ca\/tarifes-i-serveis\/#primaryimage\",\"url\":\"https:\/\/hortsvilaseca.cat\/wp-content\/uploads\/2018\/12\/icons8-Watering-Can-104.png\",\"contentUrl\":\"https:\/\/hortsvilaseca.cat\/wp-content\/uploads\/2018\/12\/icons8-Watering-Can-104.png\"},{\"@type\":\"BreadcrumbList\",\"@id\":\"https:\/\/hortsvilaseca.cat\/ca\/tarifes-i-serveis\/#breadcrumb\",\"itemListElement\":[{\"@type\":\"ListItem\",\"position\":1,\"name\":\"Inici\",\"item\":\"https:\/\/hortsvilaseca.cat\/ca\/\"},{\"@type\":\"ListItem\",\"position\":2,\"name\":\"Tarifes i serveis\"}]},{\"@type\":\"WebSite\",\"@id\":\"https:\/\/hortsvilaseca.cat\/ca\/#website\",\"url\":\"https:\/\/hortsvilaseca.cat\/ca\/\",\"name\":\"Horts Vila-seca | Horts de lloguer\",\"description\":\"\",\"publisher\":{\"@id\":\"https:\/\/hortsvilaseca.cat\/ca\/#organization\"},\"potentialAction\":[{\"@type\":\"SearchAction\",\"target\":{\"@type\":\"EntryPoint\",\"urlTemplate\":\"https:\/\/hortsvilaseca.cat\/ca\/?s={search_term_string}\"},\"query-input\":\"required name=search_term_string\"}],\"inLanguage\":\"ca\"},{\"@type\":\"Organization\",\"@id\":\"https:\/\/hortsvilaseca.cat\/ca\/#organization\",\"name\":\"Horts Vila-seca\",\"url\":\"https:\/\/hortsvilaseca.cat\/ca\/\",\"logo\":{\"@type\":\"ImageObject\",\"inLanguage\":\"ca\",\"@id\":\"https:\/\/hortsvilaseca.cat\/ca\/#\/schema\/logo\/image\/\",\"url\":\"https:\/\/hortsvilaseca.cat\/wp-content\/uploads\/2018\/10\/Webp.net-resizeimage.png\",\"contentUrl\":\"https:\/\/hortsvilaseca.cat\/wp-content\/uploads\/2018\/10\/Webp.net-resizeimage.png\",\"width\":418,\"height\":90,\"caption\":\"Horts Vila-seca\"},\"image\":{\"@id\":\"https:\/\/hortsvilaseca.cat\/ca\/#\/schema\/logo\/image\/\"},\"sameAs\":[\"https:\/\/www.instagram.com\/hortsvilaseca\/\"]}]}<\/script>\n<!-- \/ Yoast SEO plugin. -->","yoast_head_json":{"title":"Tarifes i serveis - Horts Vila-seca | Horts de lloguer","robots":{"index":"index","follow":"follow","max-snippet":"max-snippet:-1","max-image-preview":"max-image-preview:large","max-video-preview":"max-video-preview:-1"},"canonical":"https:\/\/hortsvilaseca.cat\/ca\/tarifes-i-serveis\/","og_locale":"ca_ES","og_type":"article","og_title":"Tarifes i serveis - Horts Vila-seca | Horts de lloguer","og_description":"PARCEL\u00b7LES I SERVEIS ADDICIONALS Disposem de 2 tipus de parcel\u00b7les de lloguer: de\u00a030 metres quadrats\u00a0i de\u00a060 metres quadrats. S'estableix una quota inicial d'alta de 50\u20ac en concepte de posada a punt de l'hort (terra adobada i sistema de reg individualitzat) que s'abonar\u00e0 al moment de reserva de la parcel\u00b7la. El temps m\u00ednim de durada del [&hellip;]","og_url":"https:\/\/hortsvilaseca.cat\/ca\/tarifes-i-serveis\/","og_site_name":"Horts Vila-seca | Horts de lloguer","article_modified_time":"2024-03-28T00:43:53+00:00","og_image":[{"url":"https:\/\/hortsvilaseca.cat\/wp-content\/uploads\/2018\/12\/icons8-Watering-Can-104.png"}],"twitter_card":"summary_large_image","twitter_misc":{"Temps estimat de lectura":"6 minuts"},"schema":{"@context":"https:\/\/schema.org","@graph":[{"@type":"WebPage","@id":"https:\/\/hortsvilaseca.cat\/ca\/tarifes-i-serveis\/","url":"https:\/\/hortsvilaseca.cat\/ca\/tarifes-i-serveis\/","name":"Tarifes i serveis - Horts Vila-seca | Horts de lloguer","isPartOf":{"@id":"https:\/\/hortsvilaseca.cat\/ca\/#website"},"primaryImageOfPage":{"@id":"https:\/\/hortsvilaseca.cat\/ca\/tarifes-i-serveis\/#primaryimage"},"image":{"@id":"https:\/\/hortsvilaseca.cat\/ca\/tarifes-i-serveis\/#primaryimage"},"thumbnailUrl":"https:\/\/hortsvilaseca.cat\/wp-content\/uploads\/2018\/12\/icons8-Watering-Can-104.png","datePublished":"2018-12-01T17:05:24+00:00","dateModified":"2024-03-28T00:43:53+00:00","breadcrumb":{"@id":"https:\/\/hortsvilaseca.cat\/ca\/tarifes-i-serveis\/#breadcrumb"},"inLanguage":"ca","potentialAction":[{"@type":"ReadAction","target":["https:\/\/hortsvilaseca.cat\/ca\/tarifes-i-serveis\/"]}]},{"@type":"ImageObject","inLanguage":"ca","@id":"https:\/\/hortsvilaseca.cat\/ca\/tarifes-i-serveis\/#primaryimage","url":"https:\/\/hortsvilaseca.cat\/wp-content\/uploads\/2018\/12\/icons8-Watering-Can-104.png","contentUrl":"https:\/\/hortsvilaseca.cat\/wp-content\/uploads\/2018\/12\/icons8-Watering-Can-104.png"},{"@type":"BreadcrumbList","@id":"https:\/\/hortsvilaseca.cat\/ca\/tarifes-i-serveis\/#breadcrumb","itemListElement":[{"@type":"ListItem","position":1,"name":"Inici","item":"https:\/\/hortsvilaseca.cat\/ca\/"},{"@type":"ListItem","position":2,"name":"Tarifes i serveis"}]},{"@type":"WebSite","@id":"https:\/\/hortsvilaseca.cat\/ca\/#website","url":"https:\/\/hortsvilaseca.cat\/ca\/","name":"Horts Vila-seca | Horts de lloguer","description":"","publisher":{"@id":"https:\/\/hortsvilaseca.cat\/ca\/#organization"},"potentialAction":[{"@type":"SearchAction","target":{"@type":"EntryPoint","urlTemplate":"https:\/\/hortsvilaseca.cat\/ca\/?s={search_term_string}"},"query-input":"required name=search_term_string"}],"inLanguage":"ca"},{"@type":"Organization","@id":"https:\/\/hortsvilaseca.cat\/ca\/#organization","name":"Horts Vila-seca","url":"https:\/\/hortsvilaseca.cat\/ca\/","logo":{"@type":"ImageObject","inLanguage":"ca","@id":"https:\/\/hortsvilaseca.cat\/ca\/#\/schema\/logo\/image\/","url":"https:\/\/hortsvilaseca.cat\/wp-content\/uploads\/2018\/10\/Webp.net-resizeimage.png","contentUrl":"https:\/\/hortsvilaseca.cat\/wp-content\/uploads\/2018\/10\/Webp.net-resizeimage.png","width":418,"height":90,"caption":"Horts Vila-seca"},"image":{"@id":"https:\/\/hortsvilaseca.cat\/ca\/#\/schema\/logo\/image\/"},"sameAs":["https:\/\/www.instagram.com\/hortsvilaseca\/"]}]}},"_links":{"self":[{"href":"https:\/\/hortsvilaseca.cat\/ca\/wp-json\/wp\/v2\/pages\/7126\/"}],"collection":[{"href":"https:\/\/hortsvilaseca.cat\/ca\/wp-json\/wp\/v2\/pages\/"}],"about":[{"href":"https:\/\/hortsvilaseca.cat\/ca\/wp-json\/wp\/v2\/types\/page\/"}],"author":[{"embeddable":true,"href":"https:\/\/hortsvilaseca.cat\/ca\/wp-json\/wp\/v2\/users\/1\/"}],"replies":[{"embeddable":true,"href":"https:\/\/hortsvilaseca.cat\/ca\/wp-json\/wp\/v2\/comments\/?post=7126"}],"version-history":[{"count":55,"href":"https:\/\/hortsvilaseca.cat\/ca\/wp-json\/wp\/v2\/pages\/7126\/revisions\/"}],"predecessor-version":[{"id":10950,"href":"https:\/\/hortsvilaseca.cat\/ca\/wp-json\/wp\/v2\/pages\/7126\/revisions\/10950\/"}],"wp:attachment":[{"href":"https:\/\/hortsvilaseca.cat\/ca\/wp-json\/wp\/v2\/media\/?parent=7126"}],"curies":[{"name":"wp","href":"https:\/\/api.w.org\/{rel}","templated":true}]}}