{"id":7107,"date":"2018-12-01T17:55:04","date_gmt":"2018-12-01T15:55:04","guid":{"rendered":"https:\/\/hortsvilaseca.cat\/?page_id=7107"},"modified":"2024-03-28T03:14:57","modified_gmt":"2024-03-28T01:14:57","slug":"contacte","status":"publish","type":"page","link":"https:\/\/hortsvilaseca.cat\/ca\/contacte\/","title":{"rendered":"Contacte"},"content":{"rendered":"<div id=\"pl-7107\"  class=\"panel-layout\" ><div id=\"pg-7107-0\"  class=\"panel-grid panel-no-style\" ><div id=\"pgc-7107-0-0\"  class=\"panel-grid-cell\" ><div id=\"panel-7107-0-0-0\" class=\"so-panel widget widget_black-studio-tinymce widget_black_studio_tinymce panel-first-child panel-last-child\" data-index=\"0\" ><div class=\"textwidget\"><p style=\"margin-bottom: 20px;\">Reserva ara el teu hort! Si tens alguna pregunta no dubtis a posar-te en contacte a trav\u00e9s del seg\u00fcent formulari. Et respondrem el m\u00e9s aviat possible.<\/p>\n<p>\n<div class=\"wpcf7 no-js\" id=\"wpcf7-f7120-o1\" lang=\"ca\" dir=\"ltr\">\n<div class=\"screen-reader-response\"><p role=\"status\" aria-live=\"polite\" aria-atomic=\"true\"><\/p> <ul><\/ul><\/div>\n<form action=\"\/ca\/wp-json\/wp\/v2\/pages\/7107\/#wpcf7-f7120-o1\" method=\"post\" class=\"wpcf7-form init\" aria-label=\"Formulari de contacte\" novalidate=\"novalidate\" data-status=\"init\">\n<div style=\"display: none;\">\n<input type=\"hidden\" name=\"_wpcf7\" value=\"7120\" \/>\n<input type=\"hidden\" name=\"_wpcf7_version\" value=\"5.9.3\" \/>\n<input type=\"hidden\" name=\"_wpcf7_locale\" value=\"ca\" \/>\n<input type=\"hidden\" name=\"_wpcf7_unit_tag\" value=\"wpcf7-f7120-o1\" \/>\n<input type=\"hidden\" name=\"_wpcf7_container_post\" value=\"0\" \/>\n<input type=\"hidden\" name=\"_wpcf7_posted_data_hash\" value=\"\" \/>\n<input type=\"hidden\" name=\"_wpcf7_recaptcha_response\" value=\"\" \/>\n<\/div>\n<div class=\"row\">\n\t<div class=\"col-xs-12 col-md-6\">\n\t\t<p><span>Nom *<br \/>\n<span class=\"wpcf7-form-control-wrap\" data-name=\"your-name\"><input size=\"40\" class=\"wpcf7-form-control wpcf7-text wpcf7-validates-as-required\" aria-required=\"true\" aria-invalid=\"false\" placeholder=\"Nom i Cognom\" value=\"\" type=\"text\" name=\"your-name\" \/><\/span><\/span>\n\t\t<\/p>\n\t<\/div>\n\t<div class=\"col-xs-12 col-md-6\">\n\t\t<p><span>Correu electr\u00f2nic *<br \/>\n<span class=\"wpcf7-form-control-wrap\" data-name=\"your-email\"><input size=\"40\" class=\"wpcf7-form-control wpcf7-email wpcf7-validates-as-required wpcf7-text wpcf7-validates-as-email\" aria-required=\"true\" aria-invalid=\"false\" placeholder=\"Correu electr\u00f2nic\" value=\"\" type=\"email\" name=\"your-email\" \/><\/span><\/span>\n\t\t<\/p>\n\t<\/div>\n\t<div class=\"col-xs-12 col-md-6\">\n\t\t<p><span>Tel\u00e8fon *<br \/>\n<span class=\"wpcf7-form-control-wrap\" data-name=\"phone-number\"><input size=\"40\" class=\"wpcf7-form-control wpcf7-tel wpcf7-text wpcf7-validates-as-tel\" aria-invalid=\"false\" placeholder=\"Tel\u00e8fon\" value=\"\" type=\"tel\" name=\"phone-number\" \/><\/span><\/span>\n\t\t<\/p>\n\t<\/div>\n\t<div class=\"col-xs-12\">\n\t\t<p><span>Missatge *<br \/>\n<span class=\"wpcf7-form-control-wrap\" data-name=\"your-message\"><textarea cols=\"40\" rows=\"10\" class=\"wpcf7-form-control wpcf7-textarea wpcf7-validates-as-required\" aria-required=\"true\" aria-invalid=\"false\" placeholder=\"Escriu el teu missatge...\" name=\"your-message\"><\/textarea><\/span><\/span>\n\t\t<\/p>\n\t<\/div>\n\t<div class=\"col-xs-12\">\n\t\t<p><input class=\"wpcf7-form-control wpcf7-submit has-spinner btn btn-primary\" type=\"submit\" value=\"Enviar\" \/><br \/>\n<span class=\"info-text\">Els camps marcats amb un asterisc (*) s\u00f3n obligatoris.<\/span>\n\t\t<\/p>\n\t<\/div>\n<\/div><div class=\"wpcf7-response-output\" aria-hidden=\"true\"><\/div>\n<\/form>\n<\/div>\n<\/p>\n<\/div><\/div><\/div><div id=\"pgc-7107-0-1\"  class=\"panel-grid-cell\" ><div id=\"panel-7107-0-1-0\" class=\"so-panel widget widget_black-studio-tinymce widget_black_studio_tinymce panel-first-child panel-last-child\" data-index=\"1\" ><div class=\"content-box panel-widget-style panel-widget-style-for-7107-0-1-0\" ><h3 class=\"widget-title\"><span class=\"light\">Informaci\u00f3<\/span> de contacte<\/h3><div class=\"textwidget\"><p><strong>Horts Vila-seca<\/strong><\/p>\n<p>Cam\u00ed del Terrer, s\/n, km 0.6<br \/>\n43480 Vila-seca, Tarragona<\/p>\n<p>E-mail: <a href=\"mailto:info@hortsvilaseca.cat\">info@hortsvilaseca.cat<\/a><\/p>\n<\/div><\/div><\/div><\/div><\/div><div id=\"pg-7107-1\"  class=\"panel-grid panel-has-style\" ><div class=\"siteorigin-panels-stretch panel-row-style panel-row-style-for-7107-1\" data-stretch-type=\"full-width-stretch\" ><div id=\"pgc-7107-1-0\"  class=\"panel-grid-cell\" ><div id=\"panel-7107-1-0-0\" class=\"so-panel widget widget_qt_google_map widget-google-map panel-first-child panel-last-child\" data-index=\"2\" >\t\t\t\t<div \n\t\t\t\t\tclass=\"qt-map\"\n\t\t\t\t\tdata-lat=\"41.096847\"\n\t\t\t\t\tdata-lng=\"1.148117\"\n\t\t\t\t\t\t\t\t\t\t\tdata-title=\"&lt;strong&gt;Horts Vila-seca&lt;\/strong&gt;&lt;br&gt;&lt;em&gt;Cam\u00ed del Terrer, s\/n, km 0.6, 43480 Vila-seca, Tarragona&lt;\/em&gt;\"\n\t\t\t\t\t\t\t\t\t\tdata-zoom=\"14\"\n\t\t\t\t\tdata-type=\"roadmap\"\n\t\t\t\t\tdata-style=\"[]\"\n\t\t\t\t\t\t\t\t\t\tdata-dragmobile=\"0\"\n\t\t\t\t\tstyle=\"height: 400px;\"\n\t\t\t\t><\/div>\n\t\t\t\n\t\t\t<\/div><\/div><\/div><\/div><\/div>","protected":false},"excerpt":{"rendered":"<p>Curabitur sodales ligula in libero. Sed dignissim lacinia nunc. Curabitur tortor. Pellentesque nibh. Aenean quam. In scelerisque sem at dolor. Maecenas mattis. Sed convallis tristique sem. Proin ut ligula vel nunc egestas porttitor. Morbi lectus risus, iaculis vel, suscipit quis, luctus non, massa.<\/p>\n","protected":false},"author":1,"featured_media":0,"parent":0,"menu_order":0,"comment_status":"closed","ping_status":"closed","template":"","meta":{"footnotes":""},"yoast_head":"<!-- This site is optimized with the Yoast SEO plugin v22.3 - https:\/\/yoast.com\/wordpress\/plugins\/seo\/ -->\n<title>Contacte - Horts Vila-seca | Horts de lloguer<\/title>\n<meta name=\"description\" content=\"Si tens alguna pregunta no dubtis a posar-te en contacte a trav\u00e9s del seg\u00fcent formulari. Et respondrem el m\u00e9s aviat possible.\" \/>\n<meta name=\"robots\" content=\"index, follow, max-snippet:-1, max-image-preview:large, max-video-preview:-1\" \/>\n<link rel=\"canonical\" href=\"https:\/\/hortsvilaseca.cat\/ca\/contacte\/\" \/>\n<meta property=\"og:locale\" content=\"ca_ES\" \/>\n<meta property=\"og:type\" content=\"article\" \/>\n<meta property=\"og:title\" content=\"Contacte - Horts Vila-seca | Horts de lloguer\" \/>\n<meta property=\"og:description\" content=\"Si tens alguna pregunta no dubtis a posar-te en contacte a trav\u00e9s del seg\u00fcent formulari. Et respondrem el m\u00e9s aviat possible.\" \/>\n<meta property=\"og:url\" content=\"https:\/\/hortsvilaseca.cat\/ca\/contacte\/\" \/>\n<meta property=\"og:site_name\" content=\"Horts Vila-seca | Horts de lloguer\" \/>\n<meta property=\"article:modified_time\" content=\"2024-03-28T01:14:57+00:00\" \/>\n<meta property=\"og:image\" content=\"https:\/\/hortsvilaseca.cat\/wp-content\/uploads\/2019\/01\/20190107_104409v2-1024x768.jpg\" \/>\n\t<meta property=\"og:image:width\" content=\"1024\" \/>\n\t<meta property=\"og:image:height\" content=\"768\" \/>\n\t<meta property=\"og:image:type\" content=\"image\/jpeg\" \/>\n<meta name=\"twitter:card\" content=\"summary_large_image\" \/>\n<meta name=\"twitter:label1\" content=\"Temps estimat de lectura\" \/>\n\t<meta name=\"twitter:data1\" content=\"1 minut\" \/>\n<script type=\"application\/ld+json\" class=\"yoast-schema-graph\">{\"@context\":\"https:\/\/schema.org\",\"@graph\":[{\"@type\":\"WebPage\",\"@id\":\"https:\/\/hortsvilaseca.cat\/ca\/contacte\/\",\"url\":\"https:\/\/hortsvilaseca.cat\/ca\/contacte\/\",\"name\":\"Contacte - Horts Vila-seca | Horts de lloguer\",\"isPartOf\":{\"@id\":\"https:\/\/hortsvilaseca.cat\/ca\/#website\"},\"datePublished\":\"2018-12-01T15:55:04+00:00\",\"dateModified\":\"2024-03-28T01:14:57+00:00\",\"description\":\"Si tens alguna pregunta no dubtis a posar-te en contacte a trav\u00e9s del seg\u00fcent formulari. Et respondrem el m\u00e9s aviat possible.\",\"breadcrumb\":{\"@id\":\"https:\/\/hortsvilaseca.cat\/ca\/contacte\/#breadcrumb\"},\"inLanguage\":\"ca\",\"potentialAction\":[{\"@type\":\"ReadAction\",\"target\":[\"https:\/\/hortsvilaseca.cat\/ca\/contacte\/\"]}]},{\"@type\":\"BreadcrumbList\",\"@id\":\"https:\/\/hortsvilaseca.cat\/ca\/contacte\/#breadcrumb\",\"itemListElement\":[{\"@type\":\"ListItem\",\"position\":1,\"name\":\"Inici\",\"item\":\"https:\/\/hortsvilaseca.cat\/ca\/\"},{\"@type\":\"ListItem\",\"position\":2,\"name\":\"Contacte\"}]},{\"@type\":\"WebSite\",\"@id\":\"https:\/\/hortsvilaseca.cat\/ca\/#website\",\"url\":\"https:\/\/hortsvilaseca.cat\/ca\/\",\"name\":\"Horts Vila-seca | Horts de lloguer\",\"description\":\"\",\"publisher\":{\"@id\":\"https:\/\/hortsvilaseca.cat\/ca\/#organization\"},\"potentialAction\":[{\"@type\":\"SearchAction\",\"target\":{\"@type\":\"EntryPoint\",\"urlTemplate\":\"https:\/\/hortsvilaseca.cat\/ca\/?s={search_term_string}\"},\"query-input\":\"required name=search_term_string\"}],\"inLanguage\":\"ca\"},{\"@type\":\"Organization\",\"@id\":\"https:\/\/hortsvilaseca.cat\/ca\/#organization\",\"name\":\"Horts Vila-seca\",\"url\":\"https:\/\/hortsvilaseca.cat\/ca\/\",\"logo\":{\"@type\":\"ImageObject\",\"inLanguage\":\"ca\",\"@id\":\"https:\/\/hortsvilaseca.cat\/ca\/#\/schema\/logo\/image\/\",\"url\":\"https:\/\/hortsvilaseca.cat\/wp-content\/uploads\/2018\/10\/Webp.net-resizeimage.png\",\"contentUrl\":\"https:\/\/hortsvilaseca.cat\/wp-content\/uploads\/2018\/10\/Webp.net-resizeimage.png\",\"width\":418,\"height\":90,\"caption\":\"Horts Vila-seca\"},\"image\":{\"@id\":\"https:\/\/hortsvilaseca.cat\/ca\/#\/schema\/logo\/image\/\"},\"sameAs\":[\"https:\/\/www.instagram.com\/hortsvilaseca\/\"]}]}<\/script>\n<!-- \/ Yoast SEO plugin. -->","yoast_head_json":{"title":"Contacte - Horts Vila-seca | Horts de lloguer","description":"Si tens alguna pregunta no dubtis a posar-te en contacte a trav\u00e9s del seg\u00fcent formulari. Et respondrem el m\u00e9s aviat possible.","robots":{"index":"index","follow":"follow","max-snippet":"max-snippet:-1","max-image-preview":"max-image-preview:large","max-video-preview":"max-video-preview:-1"},"canonical":"https:\/\/hortsvilaseca.cat\/ca\/contacte\/","og_locale":"ca_ES","og_type":"article","og_title":"Contacte - Horts Vila-seca | Horts de lloguer","og_description":"Si tens alguna pregunta no dubtis a posar-te en contacte a trav\u00e9s del seg\u00fcent formulari. Et respondrem el m\u00e9s aviat possible.","og_url":"https:\/\/hortsvilaseca.cat\/ca\/contacte\/","og_site_name":"Horts Vila-seca | Horts de lloguer","article_modified_time":"2024-03-28T01:14:57+00:00","og_image":[{"width":1024,"height":768,"url":"https:\/\/hortsvilaseca.cat\/wp-content\/uploads\/2019\/01\/20190107_104409v2-1024x768.jpg","type":"image\/jpeg"}],"twitter_card":"summary_large_image","twitter_misc":{"Temps estimat de lectura":"1 minut"},"schema":{"@context":"https:\/\/schema.org","@graph":[{"@type":"WebPage","@id":"https:\/\/hortsvilaseca.cat\/ca\/contacte\/","url":"https:\/\/hortsvilaseca.cat\/ca\/contacte\/","name":"Contacte - Horts Vila-seca | Horts de lloguer","isPartOf":{"@id":"https:\/\/hortsvilaseca.cat\/ca\/#website"},"datePublished":"2018-12-01T15:55:04+00:00","dateModified":"2024-03-28T01:14:57+00:00","description":"Si tens alguna pregunta no dubtis a posar-te en contacte a trav\u00e9s del seg\u00fcent formulari. Et respondrem el m\u00e9s aviat possible.","breadcrumb":{"@id":"https:\/\/hortsvilaseca.cat\/ca\/contacte\/#breadcrumb"},"inLanguage":"ca","potentialAction":[{"@type":"ReadAction","target":["https:\/\/hortsvilaseca.cat\/ca\/contacte\/"]}]},{"@type":"BreadcrumbList","@id":"https:\/\/hortsvilaseca.cat\/ca\/contacte\/#breadcrumb","itemListElement":[{"@type":"ListItem","position":1,"name":"Inici","item":"https:\/\/hortsvilaseca.cat\/ca\/"},{"@type":"ListItem","position":2,"name":"Contacte"}]},{"@type":"WebSite","@id":"https:\/\/hortsvilaseca.cat\/ca\/#website","url":"https:\/\/hortsvilaseca.cat\/ca\/","name":"Horts Vila-seca | Horts de lloguer","description":"","publisher":{"@id":"https:\/\/hortsvilaseca.cat\/ca\/#organization"},"potentialAction":[{"@type":"SearchAction","target":{"@type":"EntryPoint","urlTemplate":"https:\/\/hortsvilaseca.cat\/ca\/?s={search_term_string}"},"query-input":"required name=search_term_string"}],"inLanguage":"ca"},{"@type":"Organization","@id":"https:\/\/hortsvilaseca.cat\/ca\/#organization","name":"Horts Vila-seca","url":"https:\/\/hortsvilaseca.cat\/ca\/","logo":{"@type":"ImageObject","inLanguage":"ca","@id":"https:\/\/hortsvilaseca.cat\/ca\/#\/schema\/logo\/image\/","url":"https:\/\/hortsvilaseca.cat\/wp-content\/uploads\/2018\/10\/Webp.net-resizeimage.png","contentUrl":"https:\/\/hortsvilaseca.cat\/wp-content\/uploads\/2018\/10\/Webp.net-resizeimage.png","width":418,"height":90,"caption":"Horts Vila-seca"},"image":{"@id":"https:\/\/hortsvilaseca.cat\/ca\/#\/schema\/logo\/image\/"},"sameAs":["https:\/\/www.instagram.com\/hortsvilaseca\/"]}]}},"_links":{"self":[{"href":"https:\/\/hortsvilaseca.cat\/ca\/wp-json\/wp\/v2\/pages\/7107\/"}],"collection":[{"href":"https:\/\/hortsvilaseca.cat\/ca\/wp-json\/wp\/v2\/pages\/"}],"about":[{"href":"https:\/\/hortsvilaseca.cat\/ca\/wp-json\/wp\/v2\/types\/page\/"}],"author":[{"embeddable":true,"href":"https:\/\/hortsvilaseca.cat\/ca\/wp-json\/wp\/v2\/users\/1\/"}],"replies":[{"embeddable":true,"href":"https:\/\/hortsvilaseca.cat\/ca\/wp-json\/wp\/v2\/comments\/?post=7107"}],"version-history":[{"count":29,"href":"https:\/\/hortsvilaseca.cat\/ca\/wp-json\/wp\/v2\/pages\/7107\/revisions\/"}],"predecessor-version":[{"id":10955,"href":"https:\/\/hortsvilaseca.cat\/ca\/wp-json\/wp\/v2\/pages\/7107\/revisions\/10955\/"}],"wp:attachment":[{"href":"https:\/\/hortsvilaseca.cat\/ca\/wp-json\/wp\/v2\/media\/?parent=7107"}],"curies":[{"name":"wp","href":"https:\/\/api.w.org\/{rel}","templated":true}]}}