{"id":7055,"date":"2018-11-29T22:23:46","date_gmt":"2018-11-29T20:23:46","guid":{"rendered":"https:\/\/hortsvilaseca.cat\/?page_id=7055"},"modified":"2024-03-28T03:13:20","modified_gmt":"2024-03-28T01:13:20","slug":"inici","status":"publish","type":"page","link":"https:\/\/hortsvilaseca.cat\/ca\/","title":{"rendered":"Inici"},"content":{"rendered":"<div id=\"pl-7055\"  class=\"panel-layout\" ><div id=\"pg-7055-0\"  class=\"panel-grid panel-no-style\" ><div id=\"pgc-7055-0-0\"  class=\"panel-grid-cell\" ><div id=\"panel-7055-0-0-0\" class=\"so-panel widget widget_black-studio-tinymce widget_black_studio_tinymce panel-first-child panel-last-child\" data-index=\"0\" ><h3 class=\"widget-title\"><span class=\"light\">All\u00f2<\/span> essencial de la terra<\/h3><div class=\"textwidget\"><p>Hi ha maneres de ser de poble, igual que hi ha manera de ser de ciutat. A la ciutat les coses canvien de pressa; els alts edificis, les llums i els autom\u00f2bils que no cessen, s'amaguen com poden de la pressa atu\u00efda de la multitud; del delit (en cas d'haver-n'hi) i les penes, si t'hi pares a pensar. El qu\u00e8 proposo \u00e9s el poble subm\u00eds barrejant-se cada vegada m\u00e9s amb el color de la terra que pot ser teva. Un hort com escenari delimitat de la teva sociabilitat natural, per abonar-te als seus cultius sense m\u00e9s aliment que els estels com a guia en el seu \u201cquaternitas perfecte\u201d, \u00e9s a dir, els seus quatre element; la mateixa terra essent el despertar de la dimensi\u00f3 moral de l\u2019home amb les seves mans; l'aigua, per somiar donant vida en la seva dimensi\u00f3 psicol\u00f2gica, el sol en la seva quietud que no quietisme, com a dimensi\u00f3 \u00f2ntica, i l'aire amb el seu silenci sonor com a dimensi\u00f3 espiritual del clima que es fon amb tots ells, per junts batallar en la implacable guerra de la superviv\u00e8ncia de l'aliment natural, sense cap altre peatge que la cura de una porci\u00f3 de terra que ajudi a recuperar el primitiu contacte amb la natura, constatant a diari una realitat present, llaurada amb les pr\u00f2pies mans en benefici d'un equilibri de l'ess\u00e8ncia de l'home i la natura, i a la vegada, d'un benefici econ\u00f2mic que redundi en innumerables avantatges per ambdues parts. Sempre he pensat que el m\u00f3n no pot esclatar en mil bocins mentre tots els homes lliures vegin l'arc de Sant Mart\u00ed, notin la pluja a la seva cara i escoltin el riure de la canalla.<\/p>\n<p>&nbsp;<\/p>\n<h4>Joan Maria Rovira Pujals<\/h4>\n<\/div><\/div><\/div><\/div><div id=\"pg-7055-1\"  class=\"panel-grid panel-has-style\" ><div class=\"siteorigin-panels-stretch panel-row-style panel-row-style-for-7055-1\" data-stretch-type=\"full\" ><div id=\"pgc-7055-1-0\"  class=\"panel-grid-cell\" ><div id=\"panel-7055-1-0-0\" class=\"so-panel widget widget_qt_cta_banner widget-cta-banner panel-first-child panel-last-child\" data-index=\"1\" >\n\t\t\t<div class=\"cta-banner cta-block with-subtitle\">\n\t\t\t\t<div class=\"cta-banner-text\">\n\t\t\t\t\t<div class=\"cta-banner-title\" style=\"color: #ffffff;\">Pr\u00f2ximament tindrem els horts enllestits!<br> Subscriu-te i sigues el primer en reservar el teu hort!<\/div>\n\t\t\t\t\t\t\t\t\t\t\t<div class=\"cta-banner-subtitle\" style=\"color: #ffffff;\"><div class=\"tnp tnp-subscription \">\n<form method=\"post\" action=\"https:\/\/hortsvilaseca.cat\/ca\/?na=s\">\n<input type=\"hidden\" name=\"nlang\" value=\"ca\">\n<div class=\"tnp-field tnp-field-email\"><label for=\"tnp-1\">Correu electr\u00f2nic<\/label>\n<input class=\"tnp-email\" type=\"email\" name=\"ne\" id=\"tnp-1\" value=\"\" placeholder=\"\" required><\/div>\n<div class=\"tnp-field tnp-privacy-field\"><label><input type=\"checkbox\" name=\"ny\" required class=\"tnp-privacy\"> Accepto la pol\u00edtica de privadesa<\/label><\/div><div class=\"tnp-field tnp-field-button\" style=\"text-align: left\"><input class=\"tnp-submit\" type=\"submit\" value=\"Subscriu-re&#039;m\" style=\"\">\n<\/div>\n<\/form>\n<\/div>\n<\/div>\n\t\t\t\t\t\t\t\t\t<\/div>\n\t\t\t\t<div class=\"cta-banner-buttons\">\n\t\t\t\t\t\t\t\t\t<\/div>\n\t\t\t\t<div class=\"clearfix\"><\/div>\n\t\t\t<\/div>\n\n\t\t\t<\/div><\/div><\/div><\/div><div id=\"pg-7055-2\"  class=\"panel-grid panel-no-style\" ><div id=\"pgc-7055-2-0\"  class=\"panel-grid-cell\" ><div id=\"panel-7055-2-0-0\" class=\"so-panel widget widget_black-studio-tinymce widget_black_studio_tinymce panel-first-child\" data-index=\"2\" ><h3 class=\"widget-title\"><span class=\"light\">Llogar<\/span> la teva parcel\u00b7la t&#8217;aporta m\u00faltiples avantatges<\/h3><div class=\"textwidget\"><ul>\n<li>Est\u00e0s a l'aire lliure i en contacte amb la natura<\/li>\n<li>Aprens l'art de l'horticultura<\/li>\n<li>Si v\u00e9ns amb els teus fills fomenteu les vostres relacions i aprenen el respecte per la natura, experimentant la satisfacci\u00f3 de tenir responsabilitat sobre el seu propi hort<\/li>\n<li>Estalvieu en la cistella de la compra<\/li>\n<li>Produeixes verdures i hortalisses suficients per regalar a la teva fam\u00edlia i amics<\/li>\n<li>Pots menjar verdures 100% ecol\u00f2giques, sense pesticides ni productes qu\u00edmics<\/li>\n<li>Participes en un model d'agricultura sostenible<\/li>\n<li>Cultives la teva paci\u00e8ncia, const\u00e0ncia, responsabilitat i esfor\u00e7<\/li>\n<li>Obtens la satisfacci\u00f3 de conrear les teves pr\u00f2pies hortalisses i veure l'evoluci\u00f3 del seu creixement<\/li>\n<li>Redueixes el teu nivell d'estr\u00e8s<\/li>\n<li>Surts del teu ambient de treball habitual<\/li>\n<\/ul>\n<\/div><\/div><div id=\"panel-7055-2-0-1\" class=\"so-panel widget widget_qt_cta_banner widget-cta-banner panel-last-child\" data-index=\"3\" >\n\t\t\t<div class=\"cta-banner cta-block\">\n\t\t\t\t<div class=\"cta-banner-text\">\n\t\t\t\t\t<div class=\"cta-banner-title\" style=\"color: #ffffff;\"><\/div>\n\t\t\t\t\t\t\t\t\t<\/div>\n\t\t\t\t<div class=\"cta-banner-buttons\">\n\t\t\t\t\t<a href=\"\/ca\/contacte\" target=\"_self\" class=\"btn btn-primary\"><i class=\"fa fa-paper-plane\"><\/i>Reserva ara el teu hort<\/a>\t\t\t\t<\/div>\n\t\t\t\t<div class=\"clearfix\"><\/div>\n\t\t\t<\/div>\n\n\t\t\t<\/div><\/div><\/div><div id=\"pg-7055-3\"  class=\"panel-grid panel-has-style\" ><div class=\"siteorigin-panels-stretch panel-row-style panel-row-style-for-7055-3\" data-stretch-type=\"full-width-stretch\" ><div id=\"pgc-7055-3-0\"  class=\"panel-grid-cell\" ><div id=\"panel-7055-3-0-0\" class=\"so-panel widget widget_qt_google_map widget-google-map panel-first-child panel-last-child\" data-index=\"4\" >\t\t\t\t<div \n\t\t\t\t\tclass=\"qt-map\"\n\t\t\t\t\tdata-lat=\"41.096847\"\n\t\t\t\t\tdata-lng=\"1.148117\"\n\t\t\t\t\t\t\t\t\t\t\tdata-title=\"&lt;strong&gt;Localitzaci\u00f3&lt;\/strong&gt;&lt;br&gt;&lt;em&gt;Cam\u00ed del Terrer, s\/n, km 0.6, 43480 Vila-seca, Tarragona&lt;\/em&gt;\"\n\t\t\t\t\t\t\t\t\t\tdata-zoom=\"12\"\n\t\t\t\t\tdata-type=\"roadmap\"\n\t\t\t\t\tdata-style=\"[]\"\n\t\t\t\t\t\t\t\t\t\tdata-dragmobile=\"0\"\n\t\t\t\t\tstyle=\"height: 400px;\"\n\t\t\t\t><\/div>\n\t\t\t\n\t\t\t<\/div><\/div><\/div><\/div><\/div>","protected":false},"excerpt":{"rendered":"<p>Hi ha maneres de ser de poble, igual que hi ha manera de ser de ciutat. A la ciutat les coses canvien de pressa; els alts edificis, les llums i els autom\u00f2bils que no cessen, s&#8217;amaguen com poden de la pressa atu\u00efda de la multitud; del delit (en cas d&#8217;haver-n&#8217;hi) i les penes, si t&#8217;hi [&hellip;]<\/p>\n","protected":false},"author":1,"featured_media":0,"parent":0,"menu_order":0,"comment_status":"closed","ping_status":"closed","template":"template-front-fullslider.php","meta":{"footnotes":""},"yoast_head":"<!-- This site is optimized with the Yoast SEO plugin v22.3 - https:\/\/yoast.com\/wordpress\/plugins\/seo\/ -->\n<title>Inici - Horts Vila-seca | Horts de lloguer<\/title>\n<meta name=\"description\" content=\"Horts de lloguer de 30 i 60 metres quadrats per plantar les teves verdures i hortalisses. Instal\u00b7laci\u00f3 de reg, eines, assessorament i altres serveis per a la cura del teu hort. Gaudeix de la natura i consumeix aliments sans cultivats per tu mateix.\" \/>\n<meta name=\"robots\" content=\"index, follow, max-snippet:-1, max-image-preview:large, max-video-preview:-1\" \/>\n<link rel=\"canonical\" href=\"https:\/\/hortsvilaseca.cat\/ca\/\" \/>\n<meta property=\"og:locale\" content=\"ca_ES\" \/>\n<meta property=\"og:type\" content=\"article\" \/>\n<meta property=\"og:title\" content=\"Inici - Horts Vila-seca | Horts de lloguer\" \/>\n<meta property=\"og:description\" content=\"Horts de lloguer de 30 i 60 metres quadrats per plantar les teves verdures i hortalisses. Instal\u00b7laci\u00f3 de reg, eines, assessorament i altres serveis per a la cura del teu hort. Gaudeix de la natura i consumeix aliments sans cultivats per tu mateix.\" \/>\n<meta property=\"og:url\" content=\"https:\/\/hortsvilaseca.cat\/ca\/\" \/>\n<meta property=\"og:site_name\" content=\"Horts Vila-seca | Horts de lloguer\" \/>\n<meta property=\"article:modified_time\" content=\"2024-03-28T01:13:20+00:00\" \/>\n<meta property=\"og:image\" content=\"https:\/\/hortsvilaseca.cat\/wp-content\/uploads\/2019\/01\/20190107_104409v2-e1548607449941.jpg\" \/>\n\t<meta property=\"og:image:width\" content=\"4128\" \/>\n\t<meta property=\"og:image:height\" content=\"1568\" \/>\n\t<meta property=\"og:image:type\" content=\"image\/jpeg\" \/>\n<meta name=\"twitter:card\" content=\"summary_large_image\" \/>\n<meta name=\"twitter:image\" content=\"https:\/\/hortsvilaseca.cat\/wp-content\/uploads\/2019\/01\/20190107_104409v2-e1548607449941.jpg\" \/>\n<meta name=\"twitter:label1\" content=\"Temps estimat de lectura\" \/>\n\t<meta name=\"twitter:data1\" content=\"3 minuts\" \/>\n<script type=\"application\/ld+json\" class=\"yoast-schema-graph\">{\"@context\":\"https:\/\/schema.org\",\"@graph\":[{\"@type\":\"WebPage\",\"@id\":\"https:\/\/hortsvilaseca.cat\/ca\/\",\"url\":\"https:\/\/hortsvilaseca.cat\/ca\/\",\"name\":\"Inici - Horts Vila-seca | Horts de lloguer\",\"isPartOf\":{\"@id\":\"https:\/\/hortsvilaseca.cat\/ca\/#website\"},\"datePublished\":\"2018-11-29T20:23:46+00:00\",\"dateModified\":\"2024-03-28T01:13:20+00:00\",\"description\":\"Horts de lloguer de 30 i 60 metres quadrats per plantar les teves verdures i hortalisses. Instal\u00b7laci\u00f3 de reg, eines, assessorament i altres serveis per a la cura del teu hort. Gaudeix de la natura i consumeix aliments sans cultivats per tu mateix.\",\"breadcrumb\":{\"@id\":\"https:\/\/hortsvilaseca.cat\/ca\/#breadcrumb\"},\"inLanguage\":\"ca\",\"potentialAction\":[{\"@type\":\"ReadAction\",\"target\":[\"https:\/\/hortsvilaseca.cat\/ca\/\"]}]},{\"@type\":\"BreadcrumbList\",\"@id\":\"https:\/\/hortsvilaseca.cat\/ca\/#breadcrumb\",\"itemListElement\":[{\"@type\":\"ListItem\",\"position\":1,\"name\":\"Inici\",\"item\":\"https:\/\/hortsvilaseca.cat\/ca\/\"},{\"@type\":\"ListItem\",\"position\":2,\"name\":\"Inici\"}]},{\"@type\":\"WebSite\",\"@id\":\"https:\/\/hortsvilaseca.cat\/ca\/#website\",\"url\":\"https:\/\/hortsvilaseca.cat\/ca\/\",\"name\":\"Horts Vila-seca | Horts de lloguer\",\"description\":\"\",\"publisher\":{\"@id\":\"https:\/\/hortsvilaseca.cat\/ca\/#organization\"},\"potentialAction\":[{\"@type\":\"SearchAction\",\"target\":{\"@type\":\"EntryPoint\",\"urlTemplate\":\"https:\/\/hortsvilaseca.cat\/ca\/?s={search_term_string}\"},\"query-input\":\"required name=search_term_string\"}],\"inLanguage\":\"ca\"},{\"@type\":\"Organization\",\"@id\":\"https:\/\/hortsvilaseca.cat\/ca\/#organization\",\"name\":\"Horts Vila-seca\",\"url\":\"https:\/\/hortsvilaseca.cat\/ca\/\",\"logo\":{\"@type\":\"ImageObject\",\"inLanguage\":\"ca\",\"@id\":\"https:\/\/hortsvilaseca.cat\/ca\/#\/schema\/logo\/image\/\",\"url\":\"https:\/\/hortsvilaseca.cat\/wp-content\/uploads\/2018\/10\/Webp.net-resizeimage.png\",\"contentUrl\":\"https:\/\/hortsvilaseca.cat\/wp-content\/uploads\/2018\/10\/Webp.net-resizeimage.png\",\"width\":418,\"height\":90,\"caption\":\"Horts Vila-seca\"},\"image\":{\"@id\":\"https:\/\/hortsvilaseca.cat\/ca\/#\/schema\/logo\/image\/\"},\"sameAs\":[\"https:\/\/www.instagram.com\/hortsvilaseca\/\"]}]}<\/script>\n<!-- \/ Yoast SEO plugin. -->","yoast_head_json":{"title":"Inici - Horts Vila-seca | Horts de lloguer","description":"Horts de lloguer de 30 i 60 metres quadrats per plantar les teves verdures i hortalisses. Instal\u00b7laci\u00f3 de reg, eines, assessorament i altres serveis per a la cura del teu hort. Gaudeix de la natura i consumeix aliments sans cultivats per tu mateix.","robots":{"index":"index","follow":"follow","max-snippet":"max-snippet:-1","max-image-preview":"max-image-preview:large","max-video-preview":"max-video-preview:-1"},"canonical":"https:\/\/hortsvilaseca.cat\/ca\/","og_locale":"ca_ES","og_type":"article","og_title":"Inici - Horts Vila-seca | Horts de lloguer","og_description":"Horts de lloguer de 30 i 60 metres quadrats per plantar les teves verdures i hortalisses. Instal\u00b7laci\u00f3 de reg, eines, assessorament i altres serveis per a la cura del teu hort. Gaudeix de la natura i consumeix aliments sans cultivats per tu mateix.","og_url":"https:\/\/hortsvilaseca.cat\/ca\/","og_site_name":"Horts Vila-seca | Horts de lloguer","article_modified_time":"2024-03-28T01:13:20+00:00","og_image":[{"width":4128,"height":1568,"url":"https:\/\/hortsvilaseca.cat\/wp-content\/uploads\/2019\/01\/20190107_104409v2-e1548607449941.jpg","type":"image\/jpeg"}],"twitter_card":"summary_large_image","twitter_image":"https:\/\/hortsvilaseca.cat\/wp-content\/uploads\/2019\/01\/20190107_104409v2-e1548607449941.jpg","twitter_misc":{"Temps estimat de lectura":"3 minuts"},"schema":{"@context":"https:\/\/schema.org","@graph":[{"@type":"WebPage","@id":"https:\/\/hortsvilaseca.cat\/ca\/","url":"https:\/\/hortsvilaseca.cat\/ca\/","name":"Inici - Horts Vila-seca | Horts de lloguer","isPartOf":{"@id":"https:\/\/hortsvilaseca.cat\/ca\/#website"},"datePublished":"2018-11-29T20:23:46+00:00","dateModified":"2024-03-28T01:13:20+00:00","description":"Horts de lloguer de 30 i 60 metres quadrats per plantar les teves verdures i hortalisses. Instal\u00b7laci\u00f3 de reg, eines, assessorament i altres serveis per a la cura del teu hort. Gaudeix de la natura i consumeix aliments sans cultivats per tu mateix.","breadcrumb":{"@id":"https:\/\/hortsvilaseca.cat\/ca\/#breadcrumb"},"inLanguage":"ca","potentialAction":[{"@type":"ReadAction","target":["https:\/\/hortsvilaseca.cat\/ca\/"]}]},{"@type":"BreadcrumbList","@id":"https:\/\/hortsvilaseca.cat\/ca\/#breadcrumb","itemListElement":[{"@type":"ListItem","position":1,"name":"Inici","item":"https:\/\/hortsvilaseca.cat\/ca\/"},{"@type":"ListItem","position":2,"name":"Inici"}]},{"@type":"WebSite","@id":"https:\/\/hortsvilaseca.cat\/ca\/#website","url":"https:\/\/hortsvilaseca.cat\/ca\/","name":"Horts Vila-seca | Horts de lloguer","description":"","publisher":{"@id":"https:\/\/hortsvilaseca.cat\/ca\/#organization"},"potentialAction":[{"@type":"SearchAction","target":{"@type":"EntryPoint","urlTemplate":"https:\/\/hortsvilaseca.cat\/ca\/?s={search_term_string}"},"query-input":"required name=search_term_string"}],"inLanguage":"ca"},{"@type":"Organization","@id":"https:\/\/hortsvilaseca.cat\/ca\/#organization","name":"Horts Vila-seca","url":"https:\/\/hortsvilaseca.cat\/ca\/","logo":{"@type":"ImageObject","inLanguage":"ca","@id":"https:\/\/hortsvilaseca.cat\/ca\/#\/schema\/logo\/image\/","url":"https:\/\/hortsvilaseca.cat\/wp-content\/uploads\/2018\/10\/Webp.net-resizeimage.png","contentUrl":"https:\/\/hortsvilaseca.cat\/wp-content\/uploads\/2018\/10\/Webp.net-resizeimage.png","width":418,"height":90,"caption":"Horts Vila-seca"},"image":{"@id":"https:\/\/hortsvilaseca.cat\/ca\/#\/schema\/logo\/image\/"},"sameAs":["https:\/\/www.instagram.com\/hortsvilaseca\/"]}]}},"_links":{"self":[{"href":"https:\/\/hortsvilaseca.cat\/ca\/wp-json\/wp\/v2\/pages\/7055\/"}],"collection":[{"href":"https:\/\/hortsvilaseca.cat\/ca\/wp-json\/wp\/v2\/pages\/"}],"about":[{"href":"https:\/\/hortsvilaseca.cat\/ca\/wp-json\/wp\/v2\/types\/page\/"}],"author":[{"embeddable":true,"href":"https:\/\/hortsvilaseca.cat\/ca\/wp-json\/wp\/v2\/users\/1\/"}],"replies":[{"embeddable":true,"href":"https:\/\/hortsvilaseca.cat\/ca\/wp-json\/wp\/v2\/comments\/?post=7055"}],"version-history":[{"count":154,"href":"https:\/\/hortsvilaseca.cat\/ca\/wp-json\/wp\/v2\/pages\/7055\/revisions\/"}],"predecessor-version":[{"id":10949,"href":"https:\/\/hortsvilaseca.cat\/ca\/wp-json\/wp\/v2\/pages\/7055\/revisions\/10949\/"}],"wp:attachment":[{"href":"https:\/\/hortsvilaseca.cat\/ca\/wp-json\/wp\/v2\/media\/?parent=7055"}],"curies":[{"name":"wp","href":"https:\/\/api.w.org\/{rel}","templated":true}]}}