{"id":181,"date":"2015-01-12T14:49:38","date_gmt":"2015-01-12T14:49:38","guid":{"rendered":"http:\/\/localhost:8888\/construction\/?page_id=181"},"modified":"2019-12-06T13:26:15","modified_gmt":"2019-12-06T11:26:15","slug":"qui-soc","status":"publish","type":"page","link":"https:\/\/hortsvilaseca.cat\/ca\/qui-soc\/","title":{"rendered":"Qui s\u00f3c"},"content":{"rendered":"<div id=\"pl-181\"  class=\"panel-layout\" ><div id=\"pg-181-0\"  class=\"panel-grid panel-no-style\" ><div id=\"pgc-181-0-0\"  class=\"panel-grid-cell\" ><div id=\"panel-181-0-0-0\" class=\"so-panel widget widget_black-studio-tinymce widget_black_studio_tinymce panel-first-child panel-last-child\" data-index=\"0\" ><h3 class=\"widget-title\"><span class=\"light\">Hi<\/span> ha millor brou de cultiu pel dubte que el propi \u00e8xit?<\/h3><div class=\"textwidget\"><p>Per qui llegeix aquestes paraules emp\u00e8s per l'inter\u00e8s de llogar el meu hort, us explicar\u00e9 la meva an\u00e8cdota d'infantesa, com a experi\u00e8ncia de vida, quan em vaig entristir al veure com moria la meva planta de tanta aigua com l'havia regada. Els meus pares em van fer entendre que donar de m\u00e9s, tot i que resulti gratificant, no sempre \u00e9s el m\u00e9s correcte.<\/p>\n<p>Prou de pensar en les oportunitats que s'escorregueren, en els canvis que es perden per por al frac\u00e0s. A vegades em pregunto, quan trobar\u00e0 l'home el seny en el seu cor i construir\u00e0 un refugi contra les pors al frac\u00e0s de la seva ignor\u00e0ncia?<\/p>\n<p>Per als errors i el frac\u00e0s existeix l'oportunitat; no serveix de res confinar un cor buit o economitzar l'\u00e0nima. Un roman\u00e7 emp\u00e8s per una finalitat instant\u00e0nia o sense dolor, no \u00e9s un roman\u00e7. No deixis que la melancolia et sufoqui, que la rutina t'acomodi, que la por no et deixi intentar. Desconfia del dest\u00ed i creu en tu mateix.<\/p>\n<p>La \u00fanica manera d'arribar a la veritat \u00e9s amb els fets. Els fets s\u00f3n la nostra arma m\u00e9s poderosa contra la superstici\u00f3, la ignor\u00e0ncia i el frac\u00e0s. Perqu\u00e8 la teva realitat \u00e9s millor que els teus somnis. All\u00f2 que dubtes per por al frac\u00e0s es respon amb intel\u00b7lig\u00e8ncia.<\/p>\n<p>Qui llegeixi aquestes paraules amb el fi de voler cultivar el seu propi producte, avalo assessorant el meu coneixement del cultiu per l'experi\u00e8ncia dels meus errors que foren fracassos per l'acumulaci\u00f3 de l'esfor\u00e7 per cultivar, per tal que li sigui tot un \u00e8xit emocional; perqu\u00e8 el meu hort i la terra em varen ensenyar a ser \u00fatil i no important.<\/p>\n<p>&nbsp;<\/p>\n<h4>Joan Maria Rovira Pujals<\/h4>\n<\/div><\/div><\/div><div id=\"pgc-181-0-1\"  class=\"panel-grid-cell\" ><div id=\"panel-181-0-1-0\" class=\"so-panel widget widget_media_image panel-first-child\" data-index=\"1\" ><img loading=\"lazy\" decoding=\"async\" width=\"1024\" height=\"616\" src=\"https:\/\/hortsvilaseca.cat\/wp-content\/uploads\/2019\/01\/20181211_153042-1024x616.jpg\" class=\"image wp-image-10145  attachment-large size-large\" alt=\"\" style=\"max-width: 100%; height: auto;\" srcset=\"https:\/\/hortsvilaseca.cat\/wp-content\/uploads\/2019\/01\/20181211_153042-1024x616.jpg 1024w, https:\/\/hortsvilaseca.cat\/wp-content\/uploads\/2019\/01\/20181211_153042-300x180.jpg 300w, https:\/\/hortsvilaseca.cat\/wp-content\/uploads\/2019\/01\/20181211_153042-768x462.jpg 768w, https:\/\/hortsvilaseca.cat\/wp-content\/uploads\/2019\/01\/20181211_153042.jpg 2048w\" sizes=\"(max-width: 1024px) 100vw, 1024px\" \/><\/div><div id=\"panel-181-0-1-1\" class=\"so-panel widget widget_qt_cta_button widget-cta-button panel-last-child\" data-index=\"2\" >\t\t\t\n\t\t\t<a class=\"btn btn-primary\" href=\"\/ca\/contacte\">\n\t\t\t\t<i class=\"fa fa-paper-plane\"><\/i>\n\t\t\t\tRESERVA ARA EL TEU HORT!\t\t\t<\/a>\n\n\t\t\t<\/div><\/div><\/div><\/div>","protected":false},"excerpt":{"rendered":"<p>Curabitur sodales ligula in libero. Sed dignissim lacinia nunc. Curabitur tortor. Pellentesque nibh. Aenean quam. In scelerisque sem at dolor. Maecenas mattis. Sed convallis tristique sem. Proin ut ligula vel nunc egestas porttitor. Morbi lectus risus, iaculis vel, suscipit quis, luctus non, massa.<\/p>\n","protected":false},"author":1,"featured_media":0,"parent":0,"menu_order":0,"comment_status":"closed","ping_status":"closed","template":"","meta":{"footnotes":""},"yoast_head":"<!-- This site is optimized with the Yoast SEO plugin v22.3 - https:\/\/yoast.com\/wordpress\/plugins\/seo\/ -->\n<title>Qui s\u00f3c - Horts Vila-seca | Horts de lloguer<\/title>\n<meta name=\"description\" content=\"Hi ha millor brou de cultiu pel dubte que el propi \u00e8xit? Per qui llegeix aquestes paraules emp\u00e8s per l&#039;inter\u00e8s de llogar el meu hort, us explicar\u00e9 la meva an\u00e8cdota d&#039;infantesa, com a experi\u00e8ncia de vida, quan em vaig entristir al veure com moria la meva planta de tanta aigua com l&#039;havia regada. Els meus pares em van fer entendre que donar de m\u00e9s, tot i que resulti gratificant, no sempre \u00e9s el m\u00e9s correcte. %\" \/>\n<meta name=\"robots\" content=\"index, follow, max-snippet:-1, max-image-preview:large, max-video-preview:-1\" \/>\n<link rel=\"canonical\" href=\"https:\/\/hortsvilaseca.cat\/ca\/qui-soc\/\" \/>\n<meta property=\"og:locale\" content=\"ca_ES\" \/>\n<meta property=\"og:type\" content=\"article\" \/>\n<meta property=\"og:title\" content=\"Qui s\u00f3c - Horts Vila-seca | Horts de lloguer\" \/>\n<meta property=\"og:description\" content=\"Hi ha millor brou de cultiu pel dubte que el propi \u00e8xit? Per qui llegeix aquestes paraules emp\u00e8s per l&#039;inter\u00e8s de llogar el meu hort, us explicar\u00e9 la meva an\u00e8cdota d&#039;infantesa, com a experi\u00e8ncia de vida, quan em vaig entristir al veure com moria la meva planta de tanta aigua com l&#039;havia regada. Els meus pares em van fer entendre que donar de m\u00e9s, tot i que resulti gratificant, no sempre \u00e9s el m\u00e9s correcte. %\" \/>\n<meta property=\"og:url\" content=\"https:\/\/hortsvilaseca.cat\/ca\/qui-soc\/\" \/>\n<meta property=\"og:site_name\" content=\"Horts Vila-seca | Horts de lloguer\" \/>\n<meta property=\"article:modified_time\" content=\"2019-12-06T11:26:15+00:00\" \/>\n<meta property=\"og:image\" content=\"https:\/\/hortsvilaseca.cat\/wp-content\/uploads\/2019\/01\/20181211_153042.jpg\" \/>\n\t<meta property=\"og:image:width\" content=\"2048\" \/>\n\t<meta property=\"og:image:height\" content=\"1232\" \/>\n\t<meta property=\"og:image:type\" content=\"image\/jpeg\" \/>\n<meta name=\"twitter:card\" content=\"summary_large_image\" \/>\n<meta name=\"twitter:image\" content=\"https:\/\/hortsvilaseca.cat\/wp-content\/uploads\/2019\/01\/20181211_153042.jpg\" \/>\n<meta name=\"twitter:label1\" content=\"Temps estimat de lectura\" \/>\n\t<meta name=\"twitter:data1\" content=\"2 minuts\" \/>\n<script type=\"application\/ld+json\" class=\"yoast-schema-graph\">{\"@context\":\"https:\/\/schema.org\",\"@graph\":[{\"@type\":\"WebPage\",\"@id\":\"https:\/\/hortsvilaseca.cat\/ca\/qui-soc\/\",\"url\":\"https:\/\/hortsvilaseca.cat\/ca\/qui-soc\/\",\"name\":\"Qui s\u00f3c - Horts Vila-seca | Horts de lloguer\",\"isPartOf\":{\"@id\":\"https:\/\/hortsvilaseca.cat\/ca\/#website\"},\"datePublished\":\"2015-01-12T14:49:38+00:00\",\"dateModified\":\"2019-12-06T11:26:15+00:00\",\"description\":\"Hi ha millor brou de cultiu pel dubte que el propi \u00e8xit? Per qui llegeix aquestes paraules emp\u00e8s per l'inter\u00e8s de llogar el meu hort, us explicar\u00e9 la meva an\u00e8cdota d'infantesa, com a experi\u00e8ncia de vida, quan em vaig entristir al veure com moria la meva planta de tanta aigua com l'havia regada. Els meus pares em van fer entendre que donar de m\u00e9s, tot i que resulti gratificant, no sempre \u00e9s el m\u00e9s correcte. %\",\"breadcrumb\":{\"@id\":\"https:\/\/hortsvilaseca.cat\/ca\/qui-soc\/#breadcrumb\"},\"inLanguage\":\"ca\",\"potentialAction\":[{\"@type\":\"ReadAction\",\"target\":[\"https:\/\/hortsvilaseca.cat\/ca\/qui-soc\/\"]}]},{\"@type\":\"BreadcrumbList\",\"@id\":\"https:\/\/hortsvilaseca.cat\/ca\/qui-soc\/#breadcrumb\",\"itemListElement\":[{\"@type\":\"ListItem\",\"position\":1,\"name\":\"Inici\",\"item\":\"https:\/\/hortsvilaseca.cat\/ca\/\"},{\"@type\":\"ListItem\",\"position\":2,\"name\":\"Qui s\u00f3c\"}]},{\"@type\":\"WebSite\",\"@id\":\"https:\/\/hortsvilaseca.cat\/ca\/#website\",\"url\":\"https:\/\/hortsvilaseca.cat\/ca\/\",\"name\":\"Horts Vila-seca | Horts de lloguer\",\"description\":\"\",\"publisher\":{\"@id\":\"https:\/\/hortsvilaseca.cat\/ca\/#organization\"},\"potentialAction\":[{\"@type\":\"SearchAction\",\"target\":{\"@type\":\"EntryPoint\",\"urlTemplate\":\"https:\/\/hortsvilaseca.cat\/ca\/?s={search_term_string}\"},\"query-input\":\"required name=search_term_string\"}],\"inLanguage\":\"ca\"},{\"@type\":\"Organization\",\"@id\":\"https:\/\/hortsvilaseca.cat\/ca\/#organization\",\"name\":\"Horts Vila-seca\",\"url\":\"https:\/\/hortsvilaseca.cat\/ca\/\",\"logo\":{\"@type\":\"ImageObject\",\"inLanguage\":\"ca\",\"@id\":\"https:\/\/hortsvilaseca.cat\/ca\/#\/schema\/logo\/image\/\",\"url\":\"https:\/\/hortsvilaseca.cat\/wp-content\/uploads\/2018\/10\/Webp.net-resizeimage.png\",\"contentUrl\":\"https:\/\/hortsvilaseca.cat\/wp-content\/uploads\/2018\/10\/Webp.net-resizeimage.png\",\"width\":418,\"height\":90,\"caption\":\"Horts Vila-seca\"},\"image\":{\"@id\":\"https:\/\/hortsvilaseca.cat\/ca\/#\/schema\/logo\/image\/\"},\"sameAs\":[\"https:\/\/www.instagram.com\/hortsvilaseca\/\"]}]}<\/script>\n<!-- \/ Yoast SEO plugin. -->","yoast_head_json":{"title":"Qui s\u00f3c - Horts Vila-seca | Horts de lloguer","description":"Hi ha millor brou de cultiu pel dubte que el propi \u00e8xit? Per qui llegeix aquestes paraules emp\u00e8s per l'inter\u00e8s de llogar el meu hort, us explicar\u00e9 la meva an\u00e8cdota d'infantesa, com a experi\u00e8ncia de vida, quan em vaig entristir al veure com moria la meva planta de tanta aigua com l'havia regada. Els meus pares em van fer entendre que donar de m\u00e9s, tot i que resulti gratificant, no sempre \u00e9s el m\u00e9s correcte. %","robots":{"index":"index","follow":"follow","max-snippet":"max-snippet:-1","max-image-preview":"max-image-preview:large","max-video-preview":"max-video-preview:-1"},"canonical":"https:\/\/hortsvilaseca.cat\/ca\/qui-soc\/","og_locale":"ca_ES","og_type":"article","og_title":"Qui s\u00f3c - Horts Vila-seca | Horts de lloguer","og_description":"Hi ha millor brou de cultiu pel dubte que el propi \u00e8xit? Per qui llegeix aquestes paraules emp\u00e8s per l'inter\u00e8s de llogar el meu hort, us explicar\u00e9 la meva an\u00e8cdota d'infantesa, com a experi\u00e8ncia de vida, quan em vaig entristir al veure com moria la meva planta de tanta aigua com l'havia regada. Els meus pares em van fer entendre que donar de m\u00e9s, tot i que resulti gratificant, no sempre \u00e9s el m\u00e9s correcte. %","og_url":"https:\/\/hortsvilaseca.cat\/ca\/qui-soc\/","og_site_name":"Horts Vila-seca | Horts de lloguer","article_modified_time":"2019-12-06T11:26:15+00:00","og_image":[{"width":2048,"height":1232,"url":"https:\/\/hortsvilaseca.cat\/wp-content\/uploads\/2019\/01\/20181211_153042.jpg","type":"image\/jpeg"}],"twitter_card":"summary_large_image","twitter_image":"https:\/\/hortsvilaseca.cat\/wp-content\/uploads\/2019\/01\/20181211_153042.jpg","twitter_misc":{"Temps estimat de lectura":"2 minuts"},"schema":{"@context":"https:\/\/schema.org","@graph":[{"@type":"WebPage","@id":"https:\/\/hortsvilaseca.cat\/ca\/qui-soc\/","url":"https:\/\/hortsvilaseca.cat\/ca\/qui-soc\/","name":"Qui s\u00f3c - Horts Vila-seca | Horts de lloguer","isPartOf":{"@id":"https:\/\/hortsvilaseca.cat\/ca\/#website"},"datePublished":"2015-01-12T14:49:38+00:00","dateModified":"2019-12-06T11:26:15+00:00","description":"Hi ha millor brou de cultiu pel dubte que el propi \u00e8xit? Per qui llegeix aquestes paraules emp\u00e8s per l'inter\u00e8s de llogar el meu hort, us explicar\u00e9 la meva an\u00e8cdota d'infantesa, com a experi\u00e8ncia de vida, quan em vaig entristir al veure com moria la meva planta de tanta aigua com l'havia regada. Els meus pares em van fer entendre que donar de m\u00e9s, tot i que resulti gratificant, no sempre \u00e9s el m\u00e9s correcte. %","breadcrumb":{"@id":"https:\/\/hortsvilaseca.cat\/ca\/qui-soc\/#breadcrumb"},"inLanguage":"ca","potentialAction":[{"@type":"ReadAction","target":["https:\/\/hortsvilaseca.cat\/ca\/qui-soc\/"]}]},{"@type":"BreadcrumbList","@id":"https:\/\/hortsvilaseca.cat\/ca\/qui-soc\/#breadcrumb","itemListElement":[{"@type":"ListItem","position":1,"name":"Inici","item":"https:\/\/hortsvilaseca.cat\/ca\/"},{"@type":"ListItem","position":2,"name":"Qui s\u00f3c"}]},{"@type":"WebSite","@id":"https:\/\/hortsvilaseca.cat\/ca\/#website","url":"https:\/\/hortsvilaseca.cat\/ca\/","name":"Horts Vila-seca | Horts de lloguer","description":"","publisher":{"@id":"https:\/\/hortsvilaseca.cat\/ca\/#organization"},"potentialAction":[{"@type":"SearchAction","target":{"@type":"EntryPoint","urlTemplate":"https:\/\/hortsvilaseca.cat\/ca\/?s={search_term_string}"},"query-input":"required name=search_term_string"}],"inLanguage":"ca"},{"@type":"Organization","@id":"https:\/\/hortsvilaseca.cat\/ca\/#organization","name":"Horts Vila-seca","url":"https:\/\/hortsvilaseca.cat\/ca\/","logo":{"@type":"ImageObject","inLanguage":"ca","@id":"https:\/\/hortsvilaseca.cat\/ca\/#\/schema\/logo\/image\/","url":"https:\/\/hortsvilaseca.cat\/wp-content\/uploads\/2018\/10\/Webp.net-resizeimage.png","contentUrl":"https:\/\/hortsvilaseca.cat\/wp-content\/uploads\/2018\/10\/Webp.net-resizeimage.png","width":418,"height":90,"caption":"Horts Vila-seca"},"image":{"@id":"https:\/\/hortsvilaseca.cat\/ca\/#\/schema\/logo\/image\/"},"sameAs":["https:\/\/www.instagram.com\/hortsvilaseca\/"]}]}},"_links":{"self":[{"href":"https:\/\/hortsvilaseca.cat\/ca\/wp-json\/wp\/v2\/pages\/181\/"}],"collection":[{"href":"https:\/\/hortsvilaseca.cat\/ca\/wp-json\/wp\/v2\/pages\/"}],"about":[{"href":"https:\/\/hortsvilaseca.cat\/ca\/wp-json\/wp\/v2\/types\/page\/"}],"author":[{"embeddable":true,"href":"https:\/\/hortsvilaseca.cat\/ca\/wp-json\/wp\/v2\/users\/1\/"}],"replies":[{"embeddable":true,"href":"https:\/\/hortsvilaseca.cat\/ca\/wp-json\/wp\/v2\/comments\/?post=181"}],"version-history":[{"count":33,"href":"https:\/\/hortsvilaseca.cat\/ca\/wp-json\/wp\/v2\/pages\/181\/revisions\/"}],"predecessor-version":[{"id":10898,"href":"https:\/\/hortsvilaseca.cat\/ca\/wp-json\/wp\/v2\/pages\/181\/revisions\/10898\/"}],"wp:attachment":[{"href":"https:\/\/hortsvilaseca.cat\/ca\/wp-json\/wp\/v2\/media\/?parent=181"}],"curies":[{"name":"wp","href":"https:\/\/api.w.org\/{rel}","templated":true}]}}